{"id":3,"date":"2020-04-29T19:30:22","date_gmt":"2020-04-29T19:30:22","guid":{"rendered":"https:\/\/trumicosmetics.com\/respaldo\/?page_id=3"},"modified":"2020-10-23T17:38:18","modified_gmt":"2020-10-23T22:38:18","slug":"aviso-de-privacidad","status":"publish","type":"page","link":"https:\/\/trumicosmetics.com\/respaldo\/aviso-de-privacidad\/","title":{"rendered":"Aviso de Privacidad"},"content":{"rendered":"<p>[et_pb_section fb_built=&#8221;1&#8243; _builder_version=&#8221;3.22&#8243;][et_pb_row _builder_version=&#8221;3.25&#8243; background_size=&#8221;initial&#8221; background_position=&#8221;top_left&#8221; background_repeat=&#8221;repeat&#8221;][et_pb_column type=&#8221;4_4&#8243; _builder_version=&#8221;3.25&#8243; custom_padding=&#8221;|||&#8221; custom_padding__hover=&#8221;|||&#8221;][et_pb_text _builder_version=&#8221;4.6.6&#8243; _module_preset=&#8221;default&#8221; header_font=&#8221;|700|||||||&#8221; header_text_align=&#8221;center&#8221; hover_enabled=&#8221;0&#8243; sticky_enabled=&#8221;0&#8243;]<\/p>\n<h1>Aviso de Privacidad<\/h1>\n<p>[\/et_pb_text][et_pb_text _builder_version=&#8221;4.6.6&#8243; background_size=&#8221;initial&#8221; background_position=&#8221;top_left&#8221; background_repeat=&#8221;repeat&#8221; hover_enabled=&#8221;0&#8243; sticky_enabled=&#8221;0&#8243; text_font_size=&#8221;15px&#8221;]<\/p>\n<p><!-- divi:heading --><\/p>\n<p><strong>IRMA TRUJILLO CRUZ<\/strong> (nombre comercial: <strong>TRUMI COSMETICS<\/strong>) con domicilio en Av. 5 De Febrero 2125 Local 33, Plaza Norte, Jurica, Quer\u00e9taro, Quer\u00e9taro, C. P. 76100, es el responsable del uso y protecci\u00f3n de sus datos personales, y al respecto le informamos lo siguiente:<\/p>\n<p><strong>Departamento de Privacidad<\/strong><\/p>\n<p>Para atender cualquier solicitud acerca del ejercicio de sus derechos ARCO, para la revocaci\u00f3n del consentimiento que nos haya otorgado del tratamiento de sus datos personales, para limitar el uso o divulgaci\u00f3n de sus datos, o acerca de las finalidades para el tratamiento de sus datos personales, ponemos a su disposici\u00f3n nuestro Departamento de Privacidad en los siguientes medios de contacto:<\/p>\n<p>Departamento de Privacidad<br \/> Correo electr\u00f3nico:\u00a0contacto@trumicosmetics.com.mx<br \/> Tel\u00e9fono: 4422187141<\/p>\n<p>Para poder comunicarnos con usted, necesitamos los siguientes datos personales y de contacto en su solicitud:<\/p>\n<ul>\n<li>Nombre del titular<\/li>\n<li>Carta de autorizaci\u00f3n en caso de que la solicitud la haga otra persona que no sea el titular<\/li>\n<li>Copia de identificaci\u00f3n del titular<\/li>\n<li>Correo electr\u00f3nico<\/li>\n<li>Tel\u00e9fono<\/li>\n<\/ul>\n<p>Despu\u00e9s de recibir su solicitud, recibir\u00e1 nuestra respuesta en un plazo m\u00e1ximo de veinte d\u00edas h\u00e1biles por los medios de contacto que nos proporcione.<\/p>\n<p><strong>\u00bfPara qu\u00e9 fines utilizaremos sus datos personales?<\/strong><\/p>\n<p>Los datos personales que recabamos de usted, los utilizaremos para las siguientes finalidades que son necesarias para el servicio que solicita:<\/p>\n<ul>\n<li>Para fines de contacto<\/li>\n<li>Para facturaci\u00f3n y cobro<\/li>\n<li>Para elaborar un expediente cl\u00ednico<\/li>\n<\/ul>\n<p>De manera adicional, utilizaremos su informaci\u00f3n personal para las siguientes finalidades secundarias que no son necesarias para el servicio solicitado, pero que nos permiten y facilitan brindarle mejor atenci\u00f3n:<\/p>\n<ul>\n<li>Para env\u00edo de publicidad<\/li>\n<\/ul>\n<p>En caso de que no desee que sus datos personales sean tratados para estos fines adicionales, lo podr\u00e1 indicar en el medio a trav\u00e9s del cual nos proporcione sus datos personales, seleccionando la opci\u00f3n correspondiente.<\/p>\n<p>La negativa para el uso de sus datos personales para estas finalidades adicionales no podr\u00e1 ser un motivo para que le neguemos los servicios y productos que solicita o contrata con nosotros.<\/p>\n<p><strong>\u00bfQu\u00e9 datos personales utilizaremos para estos fines?<\/strong><\/p>\n<p>Para llevar a cabo las finalidades descritas en el presente Aviso de Privacidad, utilizaremos los siguientes datos personales:<\/p>\n<ul>\n<li>Datos de contacto<\/li>\n<li>Datos de identificaci\u00f3n<\/li>\n<li>Datos de facturaci\u00f3n<\/li>\n<li>Rasgos f\u00edsicos y se\u00f1as particulares<\/li>\n<\/ul>\n<p>Adem\u00e1s de los datos personales mencionados anteriormente, para las finalidades informadas en el presente Aviso de Privacidad utilizaremos los siguientes datos personales considerados como sensibles, que requieren de especial protecci\u00f3n:<\/p>\n<ul>\n<li>Datos de salud<\/li>\n<\/ul>\n<p><strong>\u00bfC\u00f3mo puede Acceder, Rectificar o Cancelar sus datos personales, u Oponerse a su uso?<\/strong><\/p>\n<p>Usted tiene derecho a conocer qu\u00e9 datos personales tenemos de usted, para qu\u00e9 los utilizamos y las condiciones del uso que les damos (Acceso). Asimismo, es su derecho solicitar la correcci\u00f3n de su informaci\u00f3n personal en caso de que est\u00e9 desactualizada, sea inexacta o incompleta (Rectificaci\u00f3n); que la eliminemos de nuestros registros o bases de datos cuando considere que la misma no est\u00e1 siendo utilizada conforme a los principios, deberes y obligaciones previstas en la normativa (Cancelaci\u00f3n); as\u00ed como oponerse al uso de sus datos personales para fines espec\u00edficos (Oposici\u00f3n). Estos derechos se conocen como derechos ARCO.<\/p>\n<p>Si usted desea ejercer sus derechos ARCO, lo podr\u00e1 hacer contact\u00e1ndose con nuestro Departamento de Privacidad en los medios establecidos en el presente aviso.<\/p>\n<p><strong>\u00bfC\u00f3mo puede revocar su consentimiento para el uso de sus datos personales?<\/strong><\/p>\n<p>Usted puede revocar el consentimiento que, en su caso, nos haya otorgado para el tratamiento de sus datos personales. Sin embargo, es importante que tenga en cuenta que no en todos los casos podremos atender su solicitud o concluir el uso de forma inmediata, ya que es posible que por alguna obligaci\u00f3n legal requiramos seguir tratando sus datos personales. Asimismo, usted deber\u00e1 considerar qu\u00e9 para ciertos fines, la revocaci\u00f3n de su consentimiento implicar\u00e1 que no le podamos seguir prestando el servicio que nos solicit\u00f3, o la conclusi\u00f3n de su relaci\u00f3n con nosotros.<\/p>\n<p>Para conocer el procedimiento y requisitos para la revocaci\u00f3n de su consentimiento, usted podr\u00e1 ponerse en contacto con nuestro Departamento de Privacidad a trav\u00e9s de los medios especificados en el presente aviso.<\/p>\n<p><strong>\u00bfC\u00f3mo puede limitar el uso o divulgaci\u00f3n de su informaci\u00f3n personal?<\/strong><\/p>\n<p>Si usted desea limitar el uso o divulgaci\u00f3n de su informaci\u00f3n personal podr\u00e1 solicitarlo a nuestro Departamento de Privacidad a trav\u00e9s de los medios especificados en el presente aviso.<\/p>\n<p>Adicionalmente, podemos poner a su disposici\u00f3n procedimientos y mecanismos espec\u00edficos mediante los cuales puede limitar el uso de su informaci\u00f3n personal. Estos procedimientos y mecanismos espec\u00edficos se informar\u00e1n a trav\u00e9s de los medios que utilicemos para comunicarnos con usted u otros que consideremos adecuados.<\/p>\n<p><strong>\u00bfC\u00f3mo puede conocer los cambios a este Aviso de Privacidad?<\/strong><\/p>\n<p>El presente Aviso de Privacidad puede sufrir modificaciones, cambios o actualizaciones derivadas de nuevos requerimientos legales; de nuestras propias necesidades por los productos o servicios que ofrecemos; de nuestras pr\u00e1cticas de privacidad; de cambios en nuestro modelo de negocio, o por otras causas.<\/p>\n<p>Los cambios al Aviso de Privacidad se informar\u00e1n a trav\u00e9s de nuestro sitio web en la siguiente direcci\u00f3n: www.trumicosmetics.com.mx<\/p>\n<p><!-- \/divi:heading --><\/p>\n<p>[\/et_pb_text][\/et_pb_column][\/et_pb_row][\/et_pb_section]<\/p>\n","protected":false},"excerpt":{"rendered":"<p>Aviso de Privacidad IRMA TRUJILLO CRUZ (nombre comercial: TRUMI COSMETICS) con domicilio en Av. 5 De Febrero 2125 Local 33, Plaza Norte, Jurica, Quer\u00e9taro, Quer\u00e9taro, C. P. 76100, es el responsable del uso y protecci\u00f3n de sus datos personales, y al respecto le informamos lo siguiente: Departamento de Privacidad Para atender cualquier solicitud acerca del [&hellip;]<\/p>\n","protected":false},"author":1,"featured_media":0,"parent":0,"menu_order":0,"comment_status":"closed","ping_status":"open","template":"","meta":{"_et_pb_use_builder":"on","_et_pb_old_content":"<!-- wp:heading -->\n<h2>Who we are<\/h2>\n<!-- \/wp:heading -->\n\n<!-- wp:paragraph -->\n<p>Our website address is: https:\/\/trumicosmetics.com\/respaldo.<\/p>\n<!-- \/wp:paragraph -->\n\n<!-- wp:heading -->\n<h2>What personal data we collect and why we collect it<\/h2>\n<!-- \/wp:heading -->\n\n<!-- wp:heading {\"level\":3} -->\n<h3>Comments<\/h3>\n<!-- \/wp:heading -->\n\n<!-- wp:paragraph -->\n<p>When visitors leave comments on the site we collect the data shown in the comments form, and also the visitor\u2019s IP address and browser user agent string to help spam detection.<\/p>\n<!-- \/wp:paragraph -->\n\n<!-- wp:paragraph -->\n<p>An anonymized string created from your email address (also called a hash) may be provided to the Gravatar service to see if you are using it. The Gravatar service privacy policy is available here: https:\/\/automattic.com\/privacy\/. After approval of your comment, your profile picture is visible to the public in the context of your comment.<\/p>\n<!-- \/wp:paragraph -->\n\n<!-- wp:heading {\"level\":3} -->\n<h3>Media<\/h3>\n<!-- \/wp:heading -->\n\n<!-- wp:paragraph -->\n<p>If you upload images to the website, you should avoid uploading images with embedded location data (EXIF GPS) included. Visitors to the website can download and extract any location data from images on the website.<\/p>\n<!-- \/wp:paragraph -->\n\n<!-- wp:heading {\"level\":3} -->\n<h3>Contact forms<\/h3>\n<!-- \/wp:heading -->\n\n<!-- wp:heading {\"level\":3} -->\n<h3>Cookies<\/h3>\n<!-- \/wp:heading -->\n\n<!-- wp:paragraph -->\n<p>If you leave a comment on our site you may opt-in to saving your name, email address and website in cookies. These are for your convenience so that you do not have to fill in your details again when you leave another comment. These cookies will last for one year.<\/p>\n<!-- \/wp:paragraph -->\n\n<!-- wp:paragraph -->\n<p>If you visit our login page, we will set a temporary cookie to determine if your browser accepts cookies. This cookie contains no personal data and is discarded when you close your browser.<\/p>\n<!-- \/wp:paragraph -->\n\n<!-- wp:paragraph -->\n<p>When you log in, we will also set up several cookies to save your login information and your screen display choices. Login cookies last for two days, and screen options cookies last for a year. If you select \"Remember Me\", your login will persist for two weeks. If you log out of your account, the login cookies will be removed.<\/p>\n<!-- \/wp:paragraph -->\n\n<!-- wp:paragraph -->\n<p>If you edit or publish an article, an additional cookie will be saved in your browser. This cookie includes no personal data and simply indicates the post ID of the article you just edited. It expires after 1 day.<\/p>\n<!-- \/wp:paragraph -->\n\n<!-- wp:heading {\"level\":3} -->\n<h3>Embedded content from other websites<\/h3>\n<!-- \/wp:heading -->\n\n<!-- wp:paragraph -->\n<p>Articles on this site may include embedded content (e.g. videos, images, articles, etc.). Embedded content from other websites behaves in the exact same way as if the visitor has visited the other website.<\/p>\n<!-- \/wp:paragraph -->\n\n<!-- wp:paragraph -->\n<p>These websites may collect data about you, use cookies, embed additional third-party tracking, and monitor your interaction with that embedded content, including tracking your interaction with the embedded content if you have an account and are logged in to that website.<\/p>\n<!-- \/wp:paragraph -->\n\n<!-- wp:heading {\"level\":3} -->\n<h3>Analytics<\/h3>\n<!-- \/wp:heading -->\n\n<!-- wp:heading -->\n<h2>Who we share your data with<\/h2>\n<!-- \/wp:heading -->\n\n<!-- wp:heading -->\n<h2>How long we retain your data<\/h2>\n<!-- \/wp:heading -->\n\n<!-- wp:paragraph -->\n<p>If you leave a comment, the comment and its metadata are retained indefinitely. This is so we can recognize and approve any follow-up comments automatically instead of holding them in a moderation queue.<\/p>\n<!-- \/wp:paragraph -->\n\n<!-- wp:paragraph -->\n<p>For users that register on our website (if any), we also store the personal information they provide in their user profile. All users can see, edit, or delete their personal information at any time (except they cannot change their username). Website administrators can also see and edit that information.<\/p>\n<!-- \/wp:paragraph -->\n\n<!-- wp:heading -->\n<h2>What rights you have over your data<\/h2>\n<!-- \/wp:heading -->\n\n<!-- wp:paragraph -->\n<p>If you have an account on this site, or have left comments, you can request to receive an exported file of the personal data we hold about you, including any data you have provided to us. You can also request that we erase any personal data we hold about you. This does not include any data we are obliged to keep for administrative, legal, or security purposes.<\/p>\n<!-- \/wp:paragraph -->\n\n<!-- wp:heading -->\n<h2>Where we send your data<\/h2>\n<!-- \/wp:heading -->\n\n<!-- wp:paragraph -->\n<p>Visitor comments may be checked through an automated spam detection service.<\/p>\n<!-- \/wp:paragraph -->\n\n<!-- wp:heading -->\n<h2>Your contact information<\/h2>\n<!-- \/wp:heading -->\n\n<!-- wp:heading -->\n<h2>Additional information<\/h2>\n<!-- \/wp:heading -->\n\n<!-- wp:heading {\"level\":3} -->\n<h3>How we protect your data<\/h3>\n<!-- \/wp:heading -->\n\n<!-- wp:heading {\"level\":3} -->\n<h3>What data breach procedures we have in place<\/h3>\n<!-- \/wp:heading -->\n\n<!-- wp:heading {\"level\":3} -->\n<h3>What third parties we receive data from<\/h3>\n<!-- \/wp:heading -->\n\n<!-- wp:heading {\"level\":3} -->\n<h3>What automated decision making and\/or profiling we do with user data<\/h3>\n<!-- \/wp:heading -->\n\n<!-- wp:heading {\"level\":3} -->\n<h3>Industry regulatory disclosure requirements<\/h3>\n<!-- \/wp:heading -->","_et_gb_content_width":"","_joinchat":[]},"yoast_head":"<!-- This site is optimized with the Yoast SEO plugin v23.4 - https:\/\/yoast.com\/wordpress\/plugins\/seo\/ -->\n<title>Aviso de Privacidad - Trumi Cosmetics<\/title>\n<meta name=\"robots\" content=\"index, follow, max-snippet:-1, max-image-preview:large, max-video-preview:-1\" \/>\n<link rel=\"canonical\" href=\"https:\/\/trumicosmetics.com\/respaldo\/aviso-de-privacidad\/\" \/>\n<meta property=\"og:locale\" content=\"es_ES\" \/>\n<meta property=\"og:type\" content=\"article\" \/>\n<meta property=\"og:title\" content=\"Aviso de Privacidad - Trumi Cosmetics\" \/>\n<meta property=\"og:description\" content=\"Aviso de Privacidad IRMA TRUJILLO CRUZ (nombre comercial: TRUMI COSMETICS) con domicilio en Av. 5 De Febrero 2125 Local 33, Plaza Norte, Jurica, Quer\u00e9taro, Quer\u00e9taro, C. P. 76100, es el responsable del uso y protecci\u00f3n de sus datos personales, y al respecto le informamos lo siguiente: Departamento de Privacidad Para atender cualquier solicitud acerca del [&hellip;]\" \/>\n<meta property=\"og:url\" content=\"https:\/\/trumicosmetics.com\/respaldo\/aviso-de-privacidad\/\" \/>\n<meta property=\"og:site_name\" content=\"Trumi Cosmetics\" \/>\n<meta property=\"article:publisher\" content=\"https:\/\/www.facebook.com\/trumicosmetics\/\" \/>\n<meta property=\"article:modified_time\" content=\"2020-10-23T22:38:18+00:00\" \/>\n<meta name=\"twitter:card\" content=\"summary_large_image\" \/>\n<meta name=\"twitter:label1\" content=\"Tiempo de lectura\" \/>\n\t<meta name=\"twitter:data1\" content=\"5 minutos\" \/>\n<script type=\"application\/ld+json\" class=\"yoast-schema-graph\">{\"@context\":\"https:\/\/schema.org\",\"@graph\":[{\"@type\":\"WebPage\",\"@id\":\"https:\/\/trumicosmetics.com\/respaldo\/aviso-de-privacidad\/\",\"url\":\"https:\/\/trumicosmetics.com\/respaldo\/aviso-de-privacidad\/\",\"name\":\"Aviso de Privacidad - Trumi Cosmetics\",\"isPartOf\":{\"@id\":\"https:\/\/trumicosmetics.com\/respaldo\/#website\"},\"datePublished\":\"2020-04-29T19:30:22+00:00\",\"dateModified\":\"2020-10-23T22:38:18+00:00\",\"breadcrumb\":{\"@id\":\"https:\/\/trumicosmetics.com\/respaldo\/aviso-de-privacidad\/#breadcrumb\"},\"inLanguage\":\"es\",\"potentialAction\":[{\"@type\":\"ReadAction\",\"target\":[\"https:\/\/trumicosmetics.com\/respaldo\/aviso-de-privacidad\/\"]}]},{\"@type\":\"BreadcrumbList\",\"@id\":\"https:\/\/trumicosmetics.com\/respaldo\/aviso-de-privacidad\/#breadcrumb\",\"itemListElement\":[{\"@type\":\"ListItem\",\"position\":1,\"name\":\"Inicio\",\"item\":\"https:\/\/trumicosmetics.com\/respaldo\/\"},{\"@type\":\"ListItem\",\"position\":2,\"name\":\"Aviso de Privacidad\"}]},{\"@type\":\"WebSite\",\"@id\":\"https:\/\/trumicosmetics.com\/respaldo\/#website\",\"url\":\"https:\/\/trumicosmetics.com\/respaldo\/\",\"name\":\"Trumi Cosmetics\",\"description\":\"Skincare-Make Up-Brow Bar\",\"publisher\":{\"@id\":\"https:\/\/trumicosmetics.com\/respaldo\/#organization\"},\"potentialAction\":[{\"@type\":\"SearchAction\",\"target\":{\"@type\":\"EntryPoint\",\"urlTemplate\":\"https:\/\/trumicosmetics.com\/respaldo\/?s={search_term_string}\"},\"query-input\":{\"@type\":\"PropertyValueSpecification\",\"valueRequired\":true,\"valueName\":\"search_term_string\"}}],\"inLanguage\":\"es\"},{\"@type\":\"Organization\",\"@id\":\"https:\/\/trumicosmetics.com\/respaldo\/#organization\",\"name\":\"Trumi Cosmetics\",\"url\":\"https:\/\/trumicosmetics.com\/respaldo\/\",\"logo\":{\"@type\":\"ImageObject\",\"inLanguage\":\"es\",\"@id\":\"https:\/\/trumicosmetics.com\/respaldo\/#\/schema\/logo\/image\/\",\"url\":\"https:\/\/trumicosmetics.com\/respaldo\/wp-content\/uploads\/2020\/04\/Logo-Trumi.png\",\"contentUrl\":\"https:\/\/trumicosmetics.com\/respaldo\/wp-content\/uploads\/2020\/04\/Logo-Trumi.png\",\"width\":433,\"height\":238,\"caption\":\"Trumi Cosmetics\"},\"image\":{\"@id\":\"https:\/\/trumicosmetics.com\/respaldo\/#\/schema\/logo\/image\/\"},\"sameAs\":[\"https:\/\/www.facebook.com\/trumicosmetics\/\",\"https:\/\/www.instagram.com\/trumicosmetics\/?igshid=1gna8ch08f7yx\",\"https:\/\/www.youtube.com\/channel\/UClAI1McI828kRYP21Ab2dBg\",\"https:\/\/www.tiktok.com\/@trumicosmetics\"]}]}<\/script>\n<!-- \/ Yoast SEO plugin. -->","yoast_head_json":{"title":"Aviso de Privacidad - Trumi Cosmetics","robots":{"index":"index","follow":"follow","max-snippet":"max-snippet:-1","max-image-preview":"max-image-preview:large","max-video-preview":"max-video-preview:-1"},"canonical":"https:\/\/trumicosmetics.com\/respaldo\/aviso-de-privacidad\/","og_locale":"es_ES","og_type":"article","og_title":"Aviso de Privacidad - Trumi Cosmetics","og_description":"Aviso de Privacidad IRMA TRUJILLO CRUZ (nombre comercial: TRUMI COSMETICS) con domicilio en Av. 5 De Febrero 2125 Local 33, Plaza Norte, Jurica, Quer\u00e9taro, Quer\u00e9taro, C. P. 76100, es el responsable del uso y protecci\u00f3n de sus datos personales, y al respecto le informamos lo siguiente: Departamento de Privacidad Para atender cualquier solicitud acerca del [&hellip;]","og_url":"https:\/\/trumicosmetics.com\/respaldo\/aviso-de-privacidad\/","og_site_name":"Trumi Cosmetics","article_publisher":"https:\/\/www.facebook.com\/trumicosmetics\/","article_modified_time":"2020-10-23T22:38:18+00:00","twitter_card":"summary_large_image","twitter_misc":{"Tiempo de lectura":"5 minutos"},"schema":{"@context":"https:\/\/schema.org","@graph":[{"@type":"WebPage","@id":"https:\/\/trumicosmetics.com\/respaldo\/aviso-de-privacidad\/","url":"https:\/\/trumicosmetics.com\/respaldo\/aviso-de-privacidad\/","name":"Aviso de Privacidad - Trumi Cosmetics","isPartOf":{"@id":"https:\/\/trumicosmetics.com\/respaldo\/#website"},"datePublished":"2020-04-29T19:30:22+00:00","dateModified":"2020-10-23T22:38:18+00:00","breadcrumb":{"@id":"https:\/\/trumicosmetics.com\/respaldo\/aviso-de-privacidad\/#breadcrumb"},"inLanguage":"es","potentialAction":[{"@type":"ReadAction","target":["https:\/\/trumicosmetics.com\/respaldo\/aviso-de-privacidad\/"]}]},{"@type":"BreadcrumbList","@id":"https:\/\/trumicosmetics.com\/respaldo\/aviso-de-privacidad\/#breadcrumb","itemListElement":[{"@type":"ListItem","position":1,"name":"Inicio","item":"https:\/\/trumicosmetics.com\/respaldo\/"},{"@type":"ListItem","position":2,"name":"Aviso de Privacidad"}]},{"@type":"WebSite","@id":"https:\/\/trumicosmetics.com\/respaldo\/#website","url":"https:\/\/trumicosmetics.com\/respaldo\/","name":"Trumi Cosmetics","description":"Skincare-Make Up-Brow Bar","publisher":{"@id":"https:\/\/trumicosmetics.com\/respaldo\/#organization"},"potentialAction":[{"@type":"SearchAction","target":{"@type":"EntryPoint","urlTemplate":"https:\/\/trumicosmetics.com\/respaldo\/?s={search_term_string}"},"query-input":{"@type":"PropertyValueSpecification","valueRequired":true,"valueName":"search_term_string"}}],"inLanguage":"es"},{"@type":"Organization","@id":"https:\/\/trumicosmetics.com\/respaldo\/#organization","name":"Trumi Cosmetics","url":"https:\/\/trumicosmetics.com\/respaldo\/","logo":{"@type":"ImageObject","inLanguage":"es","@id":"https:\/\/trumicosmetics.com\/respaldo\/#\/schema\/logo\/image\/","url":"https:\/\/trumicosmetics.com\/respaldo\/wp-content\/uploads\/2020\/04\/Logo-Trumi.png","contentUrl":"https:\/\/trumicosmetics.com\/respaldo\/wp-content\/uploads\/2020\/04\/Logo-Trumi.png","width":433,"height":238,"caption":"Trumi Cosmetics"},"image":{"@id":"https:\/\/trumicosmetics.com\/respaldo\/#\/schema\/logo\/image\/"},"sameAs":["https:\/\/www.facebook.com\/trumicosmetics\/","https:\/\/www.instagram.com\/trumicosmetics\/?igshid=1gna8ch08f7yx","https:\/\/www.youtube.com\/channel\/UClAI1McI828kRYP21Ab2dBg","https:\/\/www.tiktok.com\/@trumicosmetics"]}]}},"_links":{"self":[{"href":"https:\/\/trumicosmetics.com\/respaldo\/wp-json\/wp\/v2\/pages\/3"}],"collection":[{"href":"https:\/\/trumicosmetics.com\/respaldo\/wp-json\/wp\/v2\/pages"}],"about":[{"href":"https:\/\/trumicosmetics.com\/respaldo\/wp-json\/wp\/v2\/types\/page"}],"author":[{"embeddable":true,"href":"https:\/\/trumicosmetics.com\/respaldo\/wp-json\/wp\/v2\/users\/1"}],"replies":[{"embeddable":true,"href":"https:\/\/trumicosmetics.com\/respaldo\/wp-json\/wp\/v2\/comments?post=3"}],"version-history":[{"count":3,"href":"https:\/\/trumicosmetics.com\/respaldo\/wp-json\/wp\/v2\/pages\/3\/revisions"}],"predecessor-version":[{"id":350,"href":"https:\/\/trumicosmetics.com\/respaldo\/wp-json\/wp\/v2\/pages\/3\/revisions\/350"}],"wp:attachment":[{"href":"https:\/\/trumicosmetics.com\/respaldo\/wp-json\/wp\/v2\/media?parent=3"}],"curies":[{"name":"wp","href":"https:\/\/api.w.org\/{rel}","templated":true}]}}