{"id":1410,"date":"2022-06-03T11:12:03","date_gmt":"2022-06-03T16:12:03","guid":{"rendered":"https:\/\/trumicosmetics.com\/respaldo\/?page_id=1410"},"modified":"2024-05-29T18:01:12","modified_gmt":"2024-05-30T00:01:12","slug":"capilares","status":"publish","type":"page","link":"https:\/\/trumicosmetics.com\/respaldo\/capilares\/","title":{"rendered":"Capilares"},"content":{"rendered":"<p>[et_pb_section fb_built=&#8221;1&#8243; admin_label=&#8221;Header&#8221; _builder_version=&#8221;4.17.4&#8243; use_background_color_gradient=&#8221;on&#8221; background_color_gradient_direction=&#8221;300deg&#8221; background_color_gradient_stops=&#8221;rgba(203,198,197,0.5) 30%|rgba(226,226,234,0) 100%&#8221; background_color_gradient_overlays_image=&#8221;on&#8221; background_color_gradient_start=&#8221;rgba(108,103,87,0.7)&#8221; background_color_gradient_start_position=&#8221;50%&#8221; background_color_gradient_end=&#8221;rgba(226,226,234,0)&#8221; background_image=&#8221;https:\/\/trumicosmetics.com\/respaldo\/wp-content\/uploads\/2022\/06\/Tratamientos-Capilares-con-Trumi-Cosmetics-02.jpeg&#8221; custom_padding=&#8221;6%|0px|140px|0px|false|false&#8221; animation_direction=&#8221;right&#8221; global_colors_info=&#8221;{}&#8221;][et_pb_row column_structure=&#8221;1_2,1_2&#8243; _builder_version=&#8221;4.16&#8243; width=&#8221;100%&#8221; global_colors_info=&#8221;{}&#8221;][et_pb_column type=&#8221;1_2&#8243; _builder_version=&#8221;4.16&#8243; custom_padding=&#8221;|||&#8221; global_colors_info=&#8221;{}&#8221; custom_padding__hover=&#8221;|||&#8221;][et_pb_text _builder_version=&#8221;4.17.4&#8243; text_font=&#8221;Open Sans||||||||&#8221; text_text_color=&#8221;#FFFFFF&#8221; text_font_size=&#8221;16px&#8221; text_line_height=&#8221;2em&#8221; header_font=&#8221;Open Sans|700|||||||&#8221; header_text_color=&#8221;#FFFFFF&#8221; header_font_size=&#8221;50px&#8221; header_line_height=&#8221;1.5em&#8221; header_3_font=&#8221;Open Sans|600|||||||&#8221; header_3_text_color=&#8221;#FFFFFF&#8221; header_3_line_height=&#8221;1.3em&#8221; header_4_font=&#8221;Open Sans||||||||&#8221; header_6_font=&#8221;||||||||&#8221; max_width_last_edited=&#8221;off|desktop&#8221; custom_padding=&#8221;0px|20px|0px|20px|false|false&#8221; text_font_size_tablet=&#8221;&#8221; text_font_size_phone=&#8221;14px&#8221; text_font_size_last_edited=&#8221;on|desktop&#8221; header_font_size_tablet=&#8221;50px&#8221; header_font_size_phone=&#8221;32px&#8221; header_font_size_last_edited=&#8221;on|phone&#8221; global_colors_info=&#8221;{}&#8221;]<\/p>\n<h1 style=\"text-align: justify;\">Capilares<\/h1>\n<p style=\"text-align: justify;\">El cabello es un complemento obligatorio del rostro. Tiene un papel destacado desde la primera impresi\u00f3n. Las expertas aseguran que el cabello dice en qu\u00e9 momento de nuestra vida estamos y c\u00f3mo vamos evolucionando. Por este motivo, su cuidado y mantenimiento es important\u00edsimo. As\u00ed que en <strong>Trumi Cosmetics<\/strong> sumamos una gama de servicios especializados en los temas capilares.<\/p>\n<h3 style=\"text-align: center;\"><strong><\/strong><\/h3>\n<h3 style=\"text-align: center;\"><strong><\/strong><\/h3>\n<h3 style=\"text-align: center;\"><strong><\/strong><\/h3>\n<h3 style=\"text-align: center;\"><strong>\u00a1\u00a1Dale a tu cabello el cuidado que merece. Prevenir es mejor que corregir!!<\/strong><\/h3>\n<p>[\/et_pb_text][et_pb_button button_url=&#8221;#faciales&#8221; button_text=&#8221;Conoce los tratamientos Capilares&#8221; button_alignment=&#8221;center&#8221; _builder_version=&#8221;4.17.4&#8243; custom_button=&#8221;on&#8221; button_text_size=&#8221;20px&#8221; button_text_color=&#8221;#FFFFFF&#8221; button_bg_color=&#8221;#6c6757&#8243; button_border_width=&#8221;2px&#8221; button_border_color=&#8221;#6c6757&#8243; button_border_radius=&#8221;30px&#8221; button_font=&#8221;Open Sans|600|||||||&#8221; button_icon=&#8221;&#xe048;||divi||400&#8243; button_icon_color=&#8221;#FFFFFF&#8221; animation_style=&#8221;slide&#8221; animation_direction=&#8221;left&#8221; box_shadow_style=&#8221;preset4&#8243; box_shadow_horizontal=&#8221;0px&#8221; box_shadow_vertical=&#8221;2px&#8221; box_shadow_color=&#8221;rgba(0,0,0,0.2)&#8221; button_bg_color_hover=&#8221;rgba(0,0,0,0)&#8221; locked=&#8221;off&#8221; global_colors_info=&#8221;{}&#8221; button_text_size__hover_enabled=&#8221;off&#8221; button_one_text_size__hover_enabled=&#8221;off&#8221; button_two_text_size__hover_enabled=&#8221;off&#8221; button_text_color__hover_enabled=&#8221;off&#8221; button_one_text_color__hover_enabled=&#8221;off&#8221; button_two_text_color__hover_enabled=&#8221;off&#8221; button_border_width__hover_enabled=&#8221;off&#8221; button_one_border_width__hover_enabled=&#8221;off&#8221; button_two_border_width__hover_enabled=&#8221;off&#8221; button_border_color__hover_enabled=&#8221;off&#8221; button_one_border_color__hover_enabled=&#8221;off&#8221; button_two_border_color__hover_enabled=&#8221;off&#8221; button_border_radius__hover_enabled=&#8221;off&#8221; button_one_border_radius__hover_enabled=&#8221;off&#8221; button_two_border_radius__hover_enabled=&#8221;off&#8221; button_letter_spacing__hover_enabled=&#8221;off&#8221; button_one_letter_spacing__hover_enabled=&#8221;off&#8221; button_two_letter_spacing__hover_enabled=&#8221;off&#8221; button_bg_color__hover_enabled=&#8221;off|desktop&#8221; button_bg_color__hover=&#8221;rgba(0,0,0,0)&#8221; button_one_bg_color__hover_enabled=&#8221;off&#8221; button_two_bg_color__hover_enabled=&#8221;off&#8221;][\/et_pb_button][\/et_pb_column][et_pb_column type=&#8221;1_2&#8243; _builder_version=&#8221;4.16&#8243; custom_padding=&#8221;|||&#8221; global_colors_info=&#8221;{}&#8221; custom_padding__hover=&#8221;|||&#8221;][\/et_pb_column][\/et_pb_row][\/et_pb_section][et_pb_section fb_built=&#8221;1&#8243; module_id=&#8221;faciales&#8221; _builder_version=&#8221;4.16&#8243; _module_preset=&#8221;default&#8221; background_color=&#8221;#000000&#8243; background_color_gradient_direction=&#8221;260deg&#8221; background_color_gradient_start=&#8221;rgba(182,171,147,0.8)&#8221; background_color_gradient_end=&#8221;rgba(41,196,169,0)&#8221; background_enable_image=&#8221;off&#8221; custom_margin=&#8221;||||false|false&#8221; top_divider_color=&#8221;#FFFFFF&#8221; top_divider_flip=&#8221;horizontal&#8221; top_divider_arrangement=&#8221;above_content&#8221; bottom_divider_color=&#8221;#FFFFFF&#8221; bottom_divider_flip=&#8221;vertical|horizontal&#8221; border_radii=&#8221;off||||&#8221; global_colors_info=&#8221;{}&#8221;][et_pb_row column_structure=&#8221;1_2,1_2&#8243; use_custom_gutter=&#8221;on&#8221; gutter_width=&#8221;1&#8243; _builder_version=&#8221;4.17.4&#8243; _module_preset=&#8221;default&#8221; width=&#8221;100%&#8221; max_width=&#8221;2560px&#8221; custom_margin=&#8221;-80px||||false|false&#8221; custom_padding=&#8221;||||false|false&#8221; global_colors_info=&#8221;{}&#8221;][et_pb_column type=&#8221;1_2&#8243; _builder_version=&#8221;4.17.4&#8243; _module_preset=&#8221;default&#8221; global_colors_info=&#8221;{}&#8221;][et_pb_cta title=&#8221;Keravive&#8221; button_url=&#8221;@ET-DC@eyJkeW5hbWljIjp0cnVlLCJjb250ZW50IjoicG9zdF9saW5rX3VybF9wYWdlIiwic2V0dGluZ3MiOnsicG9zdF9pZCI6IjE0MjQifX0=@&#8221; button_text=&#8221;CONOCE M\u00c1S&#8221; _builder_version=&#8221;4.17.4&#8243; _dynamic_attributes=&#8221;button_url&#8221; _module_preset=&#8221;default&#8221; header_font=&#8221;|700|||||||&#8221; header_text_color=&#8221;#000000&#8243; header_font_size=&#8221;50px&#8221; body_font=&#8221;|700|||||||&#8221; body_text_color=&#8221;#000000&#8243; body_font_size=&#8221;30px&#8221; background_enable_color=&#8221;off&#8221; use_background_color_gradient=&#8221;on&#8221; background_color_gradient_direction=&#8221;1deg&#8221; background_color_gradient_stops=&#8221;#d9d9d9 0%|rgba(41,196,169,0) 99%&#8221; background_color_gradient_overlays_image=&#8221;on&#8221; background_image=&#8221;https:\/\/trumicosmetics.com\/respaldo\/wp-content\/uploads\/2022\/06\/Keravive-de-Hydrafacial-con-Trumi-Cosmetics.jpeg&#8221; custom_button=&#8221;on&#8221; button_text_color=&#8221;#FFFFFF&#8221; button_bg_color=&#8221;#000000&#8243; button_border_color=&#8221;#000000&#8243; button_border_radius=&#8221;30px&#8221; button_font=&#8221;|700|||||||&#8221; button_use_icon=&#8221;off&#8221; custom_margin=&#8221;||||false|false&#8221; custom_padding=&#8221;400px||||false|false&#8221; animation_style=&#8221;bounce&#8221; border_color_all=&#8221;#FFFFFF&#8221; box_shadow_style=&#8221;preset6&#8243; box_shadow_style_button=&#8221;preset2&#8243; global_colors_info=&#8221;{}&#8221;]<\/p>\n<p>Hydrafacial<\/p>\n<p>[\/et_pb_cta][\/et_pb_column][et_pb_column type=&#8221;1_2&#8243; _builder_version=&#8221;4.17.4&#8243; _module_preset=&#8221;default&#8221; global_colors_info=&#8221;{}&#8221;][et_pb_cta title=&#8221;Oxyhair THBO&#8221; button_url=&#8221;@ET-DC@eyJkeW5hbWljIjp0cnVlLCJjb250ZW50IjoicG9zdF9saW5rX3VybF9wYWdlIiwic2V0dGluZ3MiOnsicG9zdF9pZCI6IjE0MzcifX0=@&#8221; button_text=&#8221;CONOCE M\u00c1S&#8221; _builder_version=&#8221;4.17.4&#8243; _dynamic_attributes=&#8221;button_url&#8221; _module_preset=&#8221;default&#8221; header_font=&#8221;|700|||||||&#8221; header_text_color=&#8221;#000000&#8243; header_font_size=&#8221;50px&#8221; body_font=&#8221;|700|||||||&#8221; body_text_color=&#8221;#000000&#8243; body_font_size=&#8221;30px&#8221; background_enable_color=&#8221;off&#8221; use_background_color_gradient=&#8221;on&#8221; background_color_gradient_direction=&#8221;1deg&#8221; background_color_gradient_stops=&#8221;#e4b9be 0%|rgba(41,196,169,0) 99%&#8221; background_color_gradient_overlays_image=&#8221;on&#8221; background_image=&#8221;https:\/\/trumicosmetics.com\/respaldo\/wp-content\/uploads\/2022\/06\/OxyHair-THBO-de-Oxyderme-con-Trumi-Cosmetics.jpeg&#8221; custom_button=&#8221;on&#8221; button_text_color=&#8221;#FFFFFF&#8221; button_bg_color=&#8221;#000000&#8243; button_border_color=&#8221;#000000&#8243; button_border_radius=&#8221;30px&#8221; button_font=&#8221;|700|||||||&#8221; button_use_icon=&#8221;off&#8221; custom_margin=&#8221;||||false|false&#8221; custom_padding=&#8221;400px||||false|false&#8221; animation_style=&#8221;bounce&#8221; box_shadow_style_button=&#8221;preset2&#8243; global_colors_info=&#8221;{}&#8221;]<\/p>\n<p>Oxyderme<\/p>\n<p>[\/et_pb_cta][\/et_pb_column][\/et_pb_row][\/et_pb_section][et_pb_section fb_built=&#8221;1&#8243; prev_background_color=&#8221;#000000&#8243; _builder_version=&#8221;4.16&#8243; background_color=&#8221;#d9d9d9&#8243; custom_margin=&#8221;||||false|false&#8221; custom_padding=&#8221;10px||||false|false&#8221; top_divider_style=&#8221;wave&#8221; global_colors_info=&#8221;{}&#8221;][et_pb_row _builder_version=&#8221;4.16&#8243; custom_margin=&#8221;100px||||false|false&#8221; global_colors_info=&#8221;{}&#8221;][et_pb_column type=&#8221;4_4&#8243; _builder_version=&#8221;4.16&#8243; global_colors_info=&#8221;{}&#8221;][et_pb_text _builder_version=&#8221;4.17.4&#8243; _module_preset=&#8221;default&#8221; text_font=&#8221;Open Sans||||||||&#8221; text_text_color=&#8221;#000000&#8243; text_font_size=&#8221;20px&#8221; global_colors_info=&#8221;{}&#8221;]<\/p>\n<p style=\"text-align: center;\">Contamos con m\u00e1s<strong>\u00a0tratamientos<\/strong> diferentes especializados en el cuidado del cabello. <strong>Agenda tu Cita de Diagn\u00f3stico,<\/strong> en donde dedicaremos el tiempo necesario para escucharte, conocerte y juntas trazar un plan para lograr la transformaci\u00f3n que est\u00e1s buscando. \u00bfCu\u00e1ndo te vemos?<\/p>\n<p>[\/et_pb_text][et_pb_button button_url=&#8221;@ET-DC@eyJkeW5hbWljIjp0cnVlLCJjb250ZW50IjoicG9zdF9saW5rX3VybF9wYWdlIiwic2V0dGluZ3MiOnsicG9zdF9pZCI6IjE0NiJ9fQ==@&#8221; button_text=&#8221;Agenda una Cita&#8221; button_alignment=&#8221;center&#8221; _builder_version=&#8221;4.17.1&#8243; _dynamic_attributes=&#8221;button_url&#8221; custom_button=&#8221;on&#8221; button_text_size=&#8221;26px&#8221; button_text_color=&#8221;#FFFFFF&#8221; button_bg_color=&#8221;#6c6757&#8243; button_border_width=&#8221;0px&#8221; button_border_color=&#8221;rgba(182,171,147,0.8)&#8221; button_border_radius=&#8221;30px&#8221; button_font=&#8221;Open Sans|600|||||||&#8221; button_icon=&#8221;&#x6c;||divi||400&#8243; button_icon_color=&#8221;#000000&#8243; custom_margin_tablet=&#8221;&#8221; custom_margin_phone=&#8221;&#8221; custom_margin_last_edited=&#8221;on|phone&#8221; custom_padding=&#8221;||||false|false&#8221; animation_style=&#8221;slide&#8221; animation_direction=&#8221;bottom&#8221; button_text_size_tablet=&#8221;&#8221; button_text_size_phone=&#8221;&#8221; button_text_size_last_edited=&#8221;on|phone&#8221; box_shadow_style=&#8221;preset1&#8243; box_shadow_color=&#8221;#8d8181&#8243; button_bg_color_hover=&#8221;rgba(0,0,0,0)&#8221; locked=&#8221;off&#8221; global_colors_info=&#8221;{}&#8221; button_text_size__hover_enabled=&#8221;off&#8221; button_one_text_size__hover_enabled=&#8221;off&#8221; button_two_text_size__hover_enabled=&#8221;off&#8221; button_text_color__hover_enabled=&#8221;on|hover&#8221; button_one_text_color__hover_enabled=&#8221;off&#8221; button_two_text_color__hover_enabled=&#8221;off&#8221; button_border_width__hover_enabled=&#8221;off&#8221; button_one_border_width__hover_enabled=&#8221;off&#8221; button_two_border_width__hover_enabled=&#8221;off&#8221; button_border_color__hover_enabled=&#8221;off&#8221; button_one_border_color__hover_enabled=&#8221;off&#8221; button_two_border_color__hover_enabled=&#8221;off&#8221; button_border_radius__hover_enabled=&#8221;off&#8221; button_one_border_radius__hover_enabled=&#8221;off&#8221; button_two_border_radius__hover_enabled=&#8221;off&#8221; button_letter_spacing__hover_enabled=&#8221;off&#8221; button_one_letter_spacing__hover_enabled=&#8221;off&#8221; button_two_letter_spacing__hover_enabled=&#8221;off&#8221; button_bg_color__hover_enabled=&#8221;on|hover&#8221; button_bg_color__hover=&#8221;rgba(182,171,147,0.8)&#8221; button_one_bg_color__hover_enabled=&#8221;off&#8221; button_two_bg_color__hover_enabled=&#8221;off&#8221; button_bg_enable_color__hover=&#8221;on&#8221; button_text_color__hover=&#8221;#000000&#8243;][\/et_pb_button][\/et_pb_column][\/et_pb_row][\/et_pb_section]<\/p>\n","protected":false},"excerpt":{"rendered":"<p>Capilares El cabello es un complemento obligatorio del rostro. Tiene un papel destacado desde la primera impresi\u00f3n. Las expertas aseguran que el cabello dice en qu\u00e9 momento de nuestra vida estamos y c\u00f3mo vamos evolucionando. Por este motivo, su cuidado y mantenimiento es important\u00edsimo. As\u00ed que en Trumi Cosmetics sumamos una gama de servicios especializados [&hellip;]<\/p>\n","protected":false},"author":1,"featured_media":1422,"parent":0,"menu_order":0,"comment_status":"closed","ping_status":"closed","template":"","meta":{"_et_pb_use_builder":"on","_et_pb_old_content":"","_et_gb_content_width":"","_joinchat":[]},"yoast_head":"<!-- This site is optimized with the Yoast SEO plugin v23.4 - https:\/\/yoast.com\/wordpress\/plugins\/seo\/ -->\n<title>Capilares - Trumi Cosmetics<\/title>\n<meta name=\"description\" content=\"Dale a tu cabello el cuidado y mantenimiento que merece con los tratamientos capilares que tenemos en Trumi Cosmetics. \u00a1Con\u00f3celos!\" \/>\n<meta name=\"robots\" content=\"index, follow, max-snippet:-1, max-image-preview:large, max-video-preview:-1\" \/>\n<link rel=\"canonical\" href=\"https:\/\/trumicosmetics.com\/respaldo\/capilares\/\" \/>\n<meta property=\"og:locale\" content=\"es_ES\" \/>\n<meta property=\"og:type\" content=\"article\" \/>\n<meta property=\"og:title\" content=\"Tratamientos Capilares\" \/>\n<meta property=\"og:description\" content=\"Dale a tu cabello el cuidado y mantenimiento que merece con los tratamientos capilares que tenemos en Trumi Cosmetics. \u00a1Con\u00f3celos!\" \/>\n<meta property=\"og:url\" content=\"https:\/\/trumicosmetics.com\/respaldo\/capilares\/\" \/>\n<meta property=\"og:site_name\" content=\"Trumi Cosmetics\" \/>\n<meta property=\"article:publisher\" content=\"https:\/\/www.facebook.com\/trumicosmetics\/\" \/>\n<meta property=\"article:modified_time\" content=\"2024-05-30T00:01:12+00:00\" \/>\n<meta property=\"og:image\" content=\"https:\/\/trumicosmetics.com\/respaldo\/wp-content\/uploads\/2022\/06\/SEO-Capilares-con-Trumi-Cosmetics.jpeg\" \/>\n\t<meta property=\"og:image:width\" content=\"1200\" \/>\n\t<meta property=\"og:image:height\" content=\"628\" \/>\n\t<meta property=\"og:image:type\" content=\"image\/jpeg\" \/>\n<meta name=\"twitter:card\" content=\"summary_large_image\" \/>\n<meta name=\"twitter:title\" content=\"Tratamientos Capilares\" \/>\n<meta name=\"twitter:description\" content=\"Dale a tu cabello el cuidado y mantenimiento que merece con los tratamientos capilares que tenemos en Trumi Cosmetics. \u00a1Con\u00f3celos!\" \/>\n<meta name=\"twitter:image\" content=\"https:\/\/trumicosmetics.com\/respaldo\/wp-content\/uploads\/2022\/06\/SEO-Capilares-con-Trumi-Cosmetics.jpeg\" \/>\n<meta name=\"twitter:label1\" content=\"Tiempo de lectura\" \/>\n\t<meta name=\"twitter:data1\" content=\"3 minutos\" \/>\n<script type=\"application\/ld+json\" class=\"yoast-schema-graph\">{\"@context\":\"https:\/\/schema.org\",\"@graph\":[{\"@type\":\"WebPage\",\"@id\":\"https:\/\/trumicosmetics.com\/respaldo\/capilares\/\",\"url\":\"https:\/\/trumicosmetics.com\/respaldo\/capilares\/\",\"name\":\"Capilares - Trumi Cosmetics\",\"isPartOf\":{\"@id\":\"https:\/\/trumicosmetics.com\/respaldo\/#website\"},\"primaryImageOfPage\":{\"@id\":\"https:\/\/trumicosmetics.com\/respaldo\/capilares\/#primaryimage\"},\"image\":{\"@id\":\"https:\/\/trumicosmetics.com\/respaldo\/capilares\/#primaryimage\"},\"thumbnailUrl\":\"https:\/\/trumicosmetics.com\/respaldo\/wp-content\/uploads\/2022\/06\/SEO-Capilares-con-Trumi-Cosmetics.jpeg\",\"datePublished\":\"2022-06-03T16:12:03+00:00\",\"dateModified\":\"2024-05-30T00:01:12+00:00\",\"description\":\"Dale a tu cabello el cuidado y mantenimiento que merece con los tratamientos capilares que tenemos en Trumi Cosmetics. \u00a1Con\u00f3celos!\",\"breadcrumb\":{\"@id\":\"https:\/\/trumicosmetics.com\/respaldo\/capilares\/#breadcrumb\"},\"inLanguage\":\"es\",\"potentialAction\":[{\"@type\":\"ReadAction\",\"target\":[\"https:\/\/trumicosmetics.com\/respaldo\/capilares\/\"]}]},{\"@type\":\"ImageObject\",\"inLanguage\":\"es\",\"@id\":\"https:\/\/trumicosmetics.com\/respaldo\/capilares\/#primaryimage\",\"url\":\"https:\/\/trumicosmetics.com\/respaldo\/wp-content\/uploads\/2022\/06\/SEO-Capilares-con-Trumi-Cosmetics.jpeg\",\"contentUrl\":\"https:\/\/trumicosmetics.com\/respaldo\/wp-content\/uploads\/2022\/06\/SEO-Capilares-con-Trumi-Cosmetics.jpeg\",\"width\":1200,\"height\":628,\"caption\":\"Tratamientos Capilares con Trumi Cosmetics\"},{\"@type\":\"BreadcrumbList\",\"@id\":\"https:\/\/trumicosmetics.com\/respaldo\/capilares\/#breadcrumb\",\"itemListElement\":[{\"@type\":\"ListItem\",\"position\":1,\"name\":\"Inicio\",\"item\":\"https:\/\/trumicosmetics.com\/respaldo\/\"},{\"@type\":\"ListItem\",\"position\":2,\"name\":\"Capilares\"}]},{\"@type\":\"WebSite\",\"@id\":\"https:\/\/trumicosmetics.com\/respaldo\/#website\",\"url\":\"https:\/\/trumicosmetics.com\/respaldo\/\",\"name\":\"Trumi Cosmetics\",\"description\":\"Skincare-Make Up-Brow Bar\",\"publisher\":{\"@id\":\"https:\/\/trumicosmetics.com\/respaldo\/#organization\"},\"potentialAction\":[{\"@type\":\"SearchAction\",\"target\":{\"@type\":\"EntryPoint\",\"urlTemplate\":\"https:\/\/trumicosmetics.com\/respaldo\/?s={search_term_string}\"},\"query-input\":{\"@type\":\"PropertyValueSpecification\",\"valueRequired\":true,\"valueName\":\"search_term_string\"}}],\"inLanguage\":\"es\"},{\"@type\":\"Organization\",\"@id\":\"https:\/\/trumicosmetics.com\/respaldo\/#organization\",\"name\":\"Trumi Cosmetics\",\"url\":\"https:\/\/trumicosmetics.com\/respaldo\/\",\"logo\":{\"@type\":\"ImageObject\",\"inLanguage\":\"es\",\"@id\":\"https:\/\/trumicosmetics.com\/respaldo\/#\/schema\/logo\/image\/\",\"url\":\"https:\/\/trumicosmetics.com\/respaldo\/wp-content\/uploads\/2020\/04\/Logo-Trumi.png\",\"contentUrl\":\"https:\/\/trumicosmetics.com\/respaldo\/wp-content\/uploads\/2020\/04\/Logo-Trumi.png\",\"width\":433,\"height\":238,\"caption\":\"Trumi Cosmetics\"},\"image\":{\"@id\":\"https:\/\/trumicosmetics.com\/respaldo\/#\/schema\/logo\/image\/\"},\"sameAs\":[\"https:\/\/www.facebook.com\/trumicosmetics\/\",\"https:\/\/www.instagram.com\/trumicosmetics\/?igshid=1gna8ch08f7yx\",\"https:\/\/www.youtube.com\/channel\/UClAI1McI828kRYP21Ab2dBg\",\"https:\/\/www.tiktok.com\/@trumicosmetics\"]}]}<\/script>\n<!-- \/ Yoast SEO plugin. -->","yoast_head_json":{"title":"Capilares - Trumi Cosmetics","description":"Dale a tu cabello el cuidado y mantenimiento que merece con los tratamientos capilares que tenemos en Trumi Cosmetics. \u00a1Con\u00f3celos!","robots":{"index":"index","follow":"follow","max-snippet":"max-snippet:-1","max-image-preview":"max-image-preview:large","max-video-preview":"max-video-preview:-1"},"canonical":"https:\/\/trumicosmetics.com\/respaldo\/capilares\/","og_locale":"es_ES","og_type":"article","og_title":"Tratamientos Capilares","og_description":"Dale a tu cabello el cuidado y mantenimiento que merece con los tratamientos capilares que tenemos en Trumi Cosmetics. \u00a1Con\u00f3celos!","og_url":"https:\/\/trumicosmetics.com\/respaldo\/capilares\/","og_site_name":"Trumi Cosmetics","article_publisher":"https:\/\/www.facebook.com\/trumicosmetics\/","article_modified_time":"2024-05-30T00:01:12+00:00","og_image":[{"width":1200,"height":628,"url":"https:\/\/trumicosmetics.com\/respaldo\/wp-content\/uploads\/2022\/06\/SEO-Capilares-con-Trumi-Cosmetics.jpeg","type":"image\/jpeg"}],"twitter_card":"summary_large_image","twitter_title":"Tratamientos Capilares","twitter_description":"Dale a tu cabello el cuidado y mantenimiento que merece con los tratamientos capilares que tenemos en Trumi Cosmetics. \u00a1Con\u00f3celos!","twitter_image":"https:\/\/trumicosmetics.com\/respaldo\/wp-content\/uploads\/2022\/06\/SEO-Capilares-con-Trumi-Cosmetics.jpeg","twitter_misc":{"Tiempo de lectura":"3 minutos"},"schema":{"@context":"https:\/\/schema.org","@graph":[{"@type":"WebPage","@id":"https:\/\/trumicosmetics.com\/respaldo\/capilares\/","url":"https:\/\/trumicosmetics.com\/respaldo\/capilares\/","name":"Capilares - Trumi Cosmetics","isPartOf":{"@id":"https:\/\/trumicosmetics.com\/respaldo\/#website"},"primaryImageOfPage":{"@id":"https:\/\/trumicosmetics.com\/respaldo\/capilares\/#primaryimage"},"image":{"@id":"https:\/\/trumicosmetics.com\/respaldo\/capilares\/#primaryimage"},"thumbnailUrl":"https:\/\/trumicosmetics.com\/respaldo\/wp-content\/uploads\/2022\/06\/SEO-Capilares-con-Trumi-Cosmetics.jpeg","datePublished":"2022-06-03T16:12:03+00:00","dateModified":"2024-05-30T00:01:12+00:00","description":"Dale a tu cabello el cuidado y mantenimiento que merece con los tratamientos capilares que tenemos en Trumi Cosmetics. \u00a1Con\u00f3celos!","breadcrumb":{"@id":"https:\/\/trumicosmetics.com\/respaldo\/capilares\/#breadcrumb"},"inLanguage":"es","potentialAction":[{"@type":"ReadAction","target":["https:\/\/trumicosmetics.com\/respaldo\/capilares\/"]}]},{"@type":"ImageObject","inLanguage":"es","@id":"https:\/\/trumicosmetics.com\/respaldo\/capilares\/#primaryimage","url":"https:\/\/trumicosmetics.com\/respaldo\/wp-content\/uploads\/2022\/06\/SEO-Capilares-con-Trumi-Cosmetics.jpeg","contentUrl":"https:\/\/trumicosmetics.com\/respaldo\/wp-content\/uploads\/2022\/06\/SEO-Capilares-con-Trumi-Cosmetics.jpeg","width":1200,"height":628,"caption":"Tratamientos Capilares con Trumi Cosmetics"},{"@type":"BreadcrumbList","@id":"https:\/\/trumicosmetics.com\/respaldo\/capilares\/#breadcrumb","itemListElement":[{"@type":"ListItem","position":1,"name":"Inicio","item":"https:\/\/trumicosmetics.com\/respaldo\/"},{"@type":"ListItem","position":2,"name":"Capilares"}]},{"@type":"WebSite","@id":"https:\/\/trumicosmetics.com\/respaldo\/#website","url":"https:\/\/trumicosmetics.com\/respaldo\/","name":"Trumi Cosmetics","description":"Skincare-Make Up-Brow Bar","publisher":{"@id":"https:\/\/trumicosmetics.com\/respaldo\/#organization"},"potentialAction":[{"@type":"SearchAction","target":{"@type":"EntryPoint","urlTemplate":"https:\/\/trumicosmetics.com\/respaldo\/?s={search_term_string}"},"query-input":{"@type":"PropertyValueSpecification","valueRequired":true,"valueName":"search_term_string"}}],"inLanguage":"es"},{"@type":"Organization","@id":"https:\/\/trumicosmetics.com\/respaldo\/#organization","name":"Trumi Cosmetics","url":"https:\/\/trumicosmetics.com\/respaldo\/","logo":{"@type":"ImageObject","inLanguage":"es","@id":"https:\/\/trumicosmetics.com\/respaldo\/#\/schema\/logo\/image\/","url":"https:\/\/trumicosmetics.com\/respaldo\/wp-content\/uploads\/2020\/04\/Logo-Trumi.png","contentUrl":"https:\/\/trumicosmetics.com\/respaldo\/wp-content\/uploads\/2020\/04\/Logo-Trumi.png","width":433,"height":238,"caption":"Trumi Cosmetics"},"image":{"@id":"https:\/\/trumicosmetics.com\/respaldo\/#\/schema\/logo\/image\/"},"sameAs":["https:\/\/www.facebook.com\/trumicosmetics\/","https:\/\/www.instagram.com\/trumicosmetics\/?igshid=1gna8ch08f7yx","https:\/\/www.youtube.com\/channel\/UClAI1McI828kRYP21Ab2dBg","https:\/\/www.tiktok.com\/@trumicosmetics"]}]}},"_links":{"self":[{"href":"https:\/\/trumicosmetics.com\/respaldo\/wp-json\/wp\/v2\/pages\/1410"}],"collection":[{"href":"https:\/\/trumicosmetics.com\/respaldo\/wp-json\/wp\/v2\/pages"}],"about":[{"href":"https:\/\/trumicosmetics.com\/respaldo\/wp-json\/wp\/v2\/types\/page"}],"author":[{"embeddable":true,"href":"https:\/\/trumicosmetics.com\/respaldo\/wp-json\/wp\/v2\/users\/1"}],"replies":[{"embeddable":true,"href":"https:\/\/trumicosmetics.com\/respaldo\/wp-json\/wp\/v2\/comments?post=1410"}],"version-history":[{"count":14,"href":"https:\/\/trumicosmetics.com\/respaldo\/wp-json\/wp\/v2\/pages\/1410\/revisions"}],"predecessor-version":[{"id":2620,"href":"https:\/\/trumicosmetics.com\/respaldo\/wp-json\/wp\/v2\/pages\/1410\/revisions\/2620"}],"wp:featuredmedia":[{"embeddable":true,"href":"https:\/\/trumicosmetics.com\/respaldo\/wp-json\/wp\/v2\/media\/1422"}],"wp:attachment":[{"href":"https:\/\/trumicosmetics.com\/respaldo\/wp-json\/wp\/v2\/media?parent=1410"}],"curies":[{"name":"wp","href":"https:\/\/api.w.org\/{rel}","templated":true}]}}