{"id":332,"date":"2024-06-18T11:40:21","date_gmt":"2024-06-18T11:40:21","guid":{"rendered":"https:\/\/trumicosmetics.com\/neo\/?page_id=332"},"modified":"2024-09-10T17:49:06","modified_gmt":"2024-09-10T17:49:06","slug":"nosotros","status":"publish","type":"page","link":"https:\/\/trumicosmetics.com\/neo\/nosotros\/","title":{"rendered":"Nosotros"},"content":{"rendered":"\t\t<div data-elementor-type=\"wp-page\" data-elementor-id=\"332\" class=\"elementor elementor-332\" data-elementor-post-type=\"page\">\n\t\t\t\t\t\t<section class=\"elementor-section elementor-top-section elementor-element elementor-element-2a3367c elementor-section-full_width elementor-section-height-default elementor-section-height-default\" data-id=\"2a3367c\" data-element_type=\"section\" data-e-type=\"section\" data-settings=\"{&quot;background_background&quot;:&quot;classic&quot;}\">\n\t\t\t\t\t\t\t<div class=\"elementor-background-overlay\"><\/div>\n\t\t\t\t\t\t\t<div class=\"elementor-container elementor-column-gap-no\">\n\t\t\t\t\t<div class=\"elementor-column elementor-col-100 elementor-top-column elementor-element elementor-element-593ebd6\" data-id=\"593ebd6\" data-element_type=\"column\" data-e-type=\"column\" data-settings=\"{&quot;background_background&quot;:&quot;classic&quot;}\">\n\t\t\t<div class=\"elementor-widget-wrap elementor-element-populated\">\n\t\t\t\t\t\t\t<\/div>\n\t\t<\/div>\n\t\t\t\t\t<\/div>\n\t\t<\/section>\n\t\t\t\t<section class=\"elementor-section elementor-top-section elementor-element elementor-element-43c4dcc elementor-section-full_width elementor-section-height-default elementor-section-height-default\" data-id=\"43c4dcc\" data-element_type=\"section\" data-e-type=\"section\" data-settings=\"{&quot;background_background&quot;:&quot;classic&quot;}\">\n\t\t\t\t\t\t<div class=\"elementor-container elementor-column-gap-default\">\n\t\t\t\t\t<div class=\"elementor-column elementor-col-50 elementor-top-column elementor-element elementor-element-95f857a\" data-id=\"95f857a\" data-element_type=\"column\" data-e-type=\"column\" data-settings=\"{&quot;background_background&quot;:&quot;classic&quot;}\">\n\t\t\t<div class=\"elementor-widget-wrap elementor-element-populated\">\n\t\t\t\t\t\t<div class=\"elementor-element elementor-element-4df73de elementor-invisible elementor-widget elementor-widget-text-editor\" data-id=\"4df73de\" data-element_type=\"widget\" data-e-type=\"widget\" data-settings=\"{&quot;_animation&quot;:&quot;slideInUp&quot;}\" data-widget_type=\"text-editor.default\">\n\t\t\t\t<div class=\"elementor-widget-container\">\n\t\t\t\t\t\t\t\t\tFundadora\t\t\t\t\t\t\t\t<\/div>\n\t\t\t\t<\/div>\n\t\t\t\t<div class=\"elementor-element elementor-element-3bf651d elementor-invisible elementor-widget elementor-widget-heading\" data-id=\"3bf651d\" data-element_type=\"widget\" data-e-type=\"widget\" data-settings=\"{&quot;_animation&quot;:&quot;slideInUp&quot;}\" data-widget_type=\"heading.default\">\n\t\t\t\t<div class=\"elementor-widget-container\">\n\t\t\t\t\t<h1 class=\"elementor-heading-title elementor-size-default\">Irma Trujillo Cruz<\/h1>\t\t\t\t<\/div>\n\t\t\t\t<\/div>\n\t\t\t\t<div class=\"elementor-element elementor-element-3256013 elementor-widget-divider--view-line elementor-widget elementor-widget-divider\" data-id=\"3256013\" data-element_type=\"widget\" data-e-type=\"widget\" data-widget_type=\"divider.default\">\n\t\t\t\t<div class=\"elementor-widget-container\">\n\t\t\t\t\t\t\t<div class=\"elementor-divider\">\n\t\t\t<span class=\"elementor-divider-separator\">\n\t\t\t\t\t\t<\/span>\n\t\t<\/div>\n\t\t\t\t\t\t<\/div>\n\t\t\t\t<\/div>\n\t\t\t\t<div class=\"elementor-element elementor-element-1703fa3 elementor-widget elementor-widget-text-editor\" data-id=\"1703fa3\" data-element_type=\"widget\" data-e-type=\"widget\" data-widget_type=\"text-editor.default\">\n\t\t\t\t<div class=\"elementor-widget-container\">\n\t\t\t\t\t\t\t\t\t<p>De ni\u00f1a, me preguntaba \u201c\u00bfQu\u00e9 se estudia para ayudar a una persona a verse m\u00e1s bonita?\u201d y un d\u00eda vi como una t\u00eda, cosmet\u00f3loga, maquillaba a mi hermana mayor para sus 15 a\u00f1os y ah\u00ed estaba: mi primera respuesta. Muchos a\u00f1os despu\u00e9s, en el punto de decidir mi carrera, tom\u00e9 este bello camino.<\/p><p>Estudi\u00e9 Cosmetolog\u00eda en Guadalajara en el instituto\u00a0<strong>Madelline Meyer<\/strong>\u00a0y m\u00e1s adelante cosmiatr\u00eda, con Yuriana Luna, maquillaje en M\u00e9xico y diferentes partes de el mundo, todo este camino inici\u00f3 hace 25 a\u00f1os y quiero m\u00e1s.<\/p><p>Inicio mi cabina, en casa de mis pap\u00e1s y ah\u00ed trabaj\u00e9 11 a\u00f1os hasta que migramos a un local.<\/p><p>Desde el d\u00eda uno,\u00a0<strong>Trumi<\/strong>\u00a0nace para responder las necesidades de quien busca cuidar su piel de manera integral, m\u00e1s all\u00e1 de la belleza y mas all\u00e1 del tiempo. Y que solo busca lo mejor y a los mejores.<\/p><p>No somos un spa, no somos un sal\u00f3n de belleza, no somos una cl\u00ednica, somos un\u00a0<strong>centro<\/strong>\u00a0<strong>skincare<\/strong>\u00a0especializado en tratamientos integrales faciales y corporales,\u00a0<strong>el mejor Browbar de Quer\u00e9taro<\/strong>\u00a0y estudio de maquillaje profesional.<\/p><p>Trabajamos con las mejores marcas a nivel mundial, tanto para el cuidado de la piel como de maquillaje, con aparatolog\u00eda que brinda resultados sin efectos colaterales a nuestras terapeutas y pacientes, con personal capacitado para un trato de calidad y calidez,\u00a0<strong>para realizar el mejor diagn\u00f3stico y tratamiento a tus inquietudes y necesidades.<\/strong><\/p>\t\t\t\t\t\t\t\t<\/div>\n\t\t\t\t<\/div>\n\t\t\t\t\t<\/div>\n\t\t<\/div>\n\t\t\t\t<div class=\"elementor-column elementor-col-50 elementor-top-column elementor-element elementor-element-effff1a elementor-hidden-phone elementor-invisible\" data-id=\"effff1a\" data-element_type=\"column\" data-e-type=\"column\" data-settings=\"{&quot;background_background&quot;:&quot;classic&quot;,&quot;background_motion_fx_motion_fx_scrolling&quot;:&quot;yes&quot;,&quot;background_motion_fx_range&quot;:&quot;viewport&quot;,&quot;animation&quot;:&quot;fadeIn&quot;,&quot;background_motion_fx_devices&quot;:[&quot;desktop&quot;,&quot;tablet&quot;,&quot;mobile&quot;]}\">\n\t\t\t<div class=\"elementor-widget-wrap elementor-element-populated\">\n\t\t\t\t\t\t<div class=\"elementor-element elementor-element-b00cf4e elementor-widget elementor-widget-spacer\" data-id=\"b00cf4e\" data-element_type=\"widget\" data-e-type=\"widget\" data-widget_type=\"spacer.default\">\n\t\t\t\t<div class=\"elementor-widget-container\">\n\t\t\t\t\t\t\t<div class=\"elementor-spacer\">\n\t\t\t<div class=\"elementor-spacer-inner\"><\/div>\n\t\t<\/div>\n\t\t\t\t\t\t<\/div>\n\t\t\t\t<\/div>\n\t\t\t\t\t<\/div>\n\t\t<\/div>\n\t\t\t\t\t<\/div>\n\t\t<\/section>\n\t\t\t\t<section class=\"elementor-section elementor-top-section elementor-element elementor-element-89f6c9b elementor-section-boxed elementor-section-height-default elementor-section-height-default\" data-id=\"89f6c9b\" data-element_type=\"section\" data-e-type=\"section\" data-settings=\"{&quot;background_background&quot;:&quot;classic&quot;}\">\n\t\t\t\t\t\t<div class=\"elementor-container elementor-column-gap-default\">\n\t\t\t\t\t<div class=\"elementor-column elementor-col-100 elementor-top-column elementor-element elementor-element-5414b7a\" data-id=\"5414b7a\" data-element_type=\"column\" data-e-type=\"column\">\n\t\t\t<div class=\"elementor-widget-wrap elementor-element-populated\">\n\t\t\t\t\t\t<div class=\"elementor-element elementor-element-08d69be elementor-invisible elementor-widget elementor-widget-heading\" data-id=\"08d69be\" data-element_type=\"widget\" data-e-type=\"widget\" data-settings=\"{&quot;_animation&quot;:&quot;slideInUp&quot;}\" data-widget_type=\"heading.default\">\n\t\t\t\t<div class=\"elementor-widget-container\">\n\t\t\t\t\t<h1 class=\"elementor-heading-title elementor-size-default\">Nuestra Esencia<\/h1>\t\t\t\t<\/div>\n\t\t\t\t<\/div>\n\t\t\t\t<div class=\"elementor-element elementor-element-d9c4bf8 elementor-widget-divider--view-line elementor-widget elementor-widget-divider\" data-id=\"d9c4bf8\" data-element_type=\"widget\" data-e-type=\"widget\" data-widget_type=\"divider.default\">\n\t\t\t\t<div class=\"elementor-widget-container\">\n\t\t\t\t\t\t\t<div class=\"elementor-divider\">\n\t\t\t<span class=\"elementor-divider-separator\">\n\t\t\t\t\t\t<\/span>\n\t\t<\/div>\n\t\t\t\t\t\t<\/div>\n\t\t\t\t<\/div>\n\t\t\t\t<section class=\"elementor-section elementor-inner-section elementor-element elementor-element-12db4de elementor-section-boxed elementor-section-height-default elementor-section-height-default\" data-id=\"12db4de\" data-element_type=\"section\" data-e-type=\"section\">\n\t\t\t\t\t\t<div class=\"elementor-container elementor-column-gap-default\">\n\t\t\t\t\t<div class=\"elementor-column elementor-col-33 elementor-inner-column elementor-element elementor-element-0993c15\" data-id=\"0993c15\" data-element_type=\"column\" data-e-type=\"column\">\n\t\t\t<div class=\"elementor-widget-wrap elementor-element-populated\">\n\t\t\t\t\t\t<div class=\"elementor-element elementor-element-fffaebc elementor-view-default elementor-position-block-start elementor-mobile-position-block-start elementor-widget elementor-widget-icon-box\" data-id=\"fffaebc\" data-element_type=\"widget\" data-e-type=\"widget\" data-widget_type=\"icon-box.default\">\n\t\t\t\t<div class=\"elementor-widget-container\">\n\t\t\t\t\t\t\t<div class=\"elementor-icon-box-wrapper\">\n\n\t\t\t\t\t\t<div class=\"elementor-icon-box-icon\">\n\t\t\t\t<span  class=\"elementor-icon elementor-animation-grow\">\n\t\t\t\t<svg xmlns=\"http:\/\/www.w3.org\/2000\/svg\" xmlns:svg=\"http:\/\/www.w3.org\/2000\/svg\" id=\"svg1761\" xml:space=\"preserve\" width=\"682.66669\" height=\"682.66669\" viewBox=\"0 0 682.66669 682.66669\"><defs id=\"defs1765\"><clipPath clipPathUnits=\"userSpaceOnUse\" id=\"clipPath1775\"><path d=\"M 0,512 H 512 V 0 H 0 Z\" id=\"path1773\"><\/path><\/clipPath><\/defs><g id=\"g1767\" transform=\"matrix(1.3333333,0,0,-1.3333333,0,682.66667)\"><g id=\"g1769\"><g id=\"g1771\" clip-path=\"url(#clipPath1775)\"><g id=\"g1777\" transform=\"translate(465.7812,236.6406)\"><path d=\"m 0,0 c 0,-126.551 -102.59,-229.141 -229.141,-229.141 -126.55,0 -229.14,102.59 -229.14,229.141 0,126.551 102.59,229.141 229.14,229.141 C -102.59,229.141 0,126.551 0,0 Z\" style=\"fill:none;stroke:#000000;stroke-width:15;stroke-linecap:round;stroke-linejoin:round;stroke-miterlimit:10;stroke-dasharray:516, 35, 600, 0;stroke-dashoffset:0;stroke-opacity:1\" id=\"path1779\"><\/path><\/g><g id=\"g1781\" transform=\"translate(236.6406,70.4868)\"><path d=\"m 0,0 c 91.617,0 166.154,74.537 166.154,166.154 0,91.617 -74.537,166.154 -166.154,166.154 -91.617,0 -166.154,-74.537 -166.154,-166.154 C -166.154,74.537 -91.617,0 0,0 Z\" style=\"fill:none;stroke:#000000;stroke-width:15;stroke-linecap:round;stroke-linejoin:round;stroke-miterlimit:10;stroke-dasharray:227, 35, 600, 0;stroke-dashoffset:0;stroke-opacity:1\" id=\"path1783\"><\/path><\/g><g id=\"g1785\" transform=\"translate(236.6406,133.4731)\"><path d=\"m 0,0 c -56.886,0 -103.167,46.281 -103.167,103.167 0,56.887 46.281,103.168 103.167,103.168 56.887,0 103.168,-46.281 103.168,-103.168 C 103.168,46.281 56.887,0 0,0 Z\" style=\"fill:none;stroke:#000000;stroke-width:15;stroke-linecap:round;stroke-linejoin:round;stroke-miterlimit:10;stroke-dasharray:none;stroke-opacity:1\" id=\"path1787\"><\/path><\/g><g id=\"g1789\" transform=\"translate(236.6406,196.4595)\"><path d=\"m 0,0 c -22.155,0 -40.181,18.025 -40.181,40.181 0,22.156 18.026,40.181 40.181,40.181 22.155,0 40.182,-18.025 40.182,-40.181 C 40.182,18.025 22.155,0 0,0 Z\" style=\"fill:none;stroke:#000000;stroke-width:15;stroke-linecap:round;stroke-linejoin:round;stroke-miterlimit:10;stroke-dasharray:none;stroke-opacity:1\" id=\"path1791\"><\/path><\/g><g id=\"g1793\" transform=\"translate(236.6406,236.6406)\"><path d=\"M 0,0 250.398,250.398\" style=\"fill:none;stroke:#000000;stroke-width:15;stroke-linecap:round;stroke-linejoin:round;stroke-miterlimit:10;stroke-dasharray:none;stroke-opacity:1\" id=\"path1795\"><\/path><\/g><g id=\"g1797\" transform=\"translate(449.0664,503.4551)\"><path d=\"m 0,0 -50.269,-50.268 c -2.16,-2.16 -3.288,-5.145 -3.096,-8.194 l 2.911,-46.381 L 8.77,-45.619 6.05,-2.287 C 5.858,0.762 2.16,2.16 0,0 Z\" style=\"fill:none;stroke:#000000;stroke-width:15;stroke-linecap:round;stroke-linejoin:round;stroke-miterlimit:10;stroke-dasharray:none;stroke-opacity:1\" id=\"path1799\"><\/path><\/g><g id=\"g1801\" transform=\"translate(503.4551,449.0659)\"><path d=\"m 0,0 -50.268,-50.268 c -2.16,-2.16 -5.144,-3.288 -8.194,-3.097 l -46.381,2.911 L -45.619,8.77 -2.287,6.05 C 0.763,5.859 2.16,2.16 0,0 Z\" style=\"fill:none;stroke:#000000;stroke-width:15;stroke-linecap:round;stroke-linejoin:round;stroke-miterlimit:10;stroke-dasharray:none;stroke-opacity:1\" id=\"path1803\"><\/path><\/g><\/g><\/g><\/g><\/svg>\t\t\t\t<\/span>\n\t\t\t<\/div>\n\t\t\t\n\t\t\t\t\t\t<div class=\"elementor-icon-box-content\">\n\n\t\t\t\t\t\t\t\t\t<h5 class=\"elementor-icon-box-title\">\n\t\t\t\t\t\t<span  >\n\t\t\t\t\t\t\tMisi\u00f3n\t\t\t\t\t\t<\/span>\n\t\t\t\t\t<\/h5>\n\t\t\t\t\n\t\t\t\t\t\t\t\t\t<p class=\"elementor-icon-box-description\">\n\t\t\t\t\t\tSomos el lugar donde con pasi\u00f3n y excelencia cuidamos de ti, de tu belleza e imagen a trav\u00e9s del tiempo, creando v\u00ednculos, historias y experiencias personalizadas.\t\t\t\t\t<\/p>\n\t\t\t\t\n\t\t\t<\/div>\n\t\t\t\n\t\t<\/div>\n\t\t\t\t\t\t<\/div>\n\t\t\t\t<\/div>\n\t\t\t\t\t<\/div>\n\t\t<\/div>\n\t\t\t\t<div class=\"elementor-column elementor-col-33 elementor-inner-column elementor-element elementor-element-fa13a61\" data-id=\"fa13a61\" data-element_type=\"column\" data-e-type=\"column\">\n\t\t\t<div class=\"elementor-widget-wrap elementor-element-populated\">\n\t\t\t\t\t\t<div class=\"elementor-element elementor-element-35e7606 elementor-view-default elementor-position-block-start elementor-mobile-position-block-start elementor-widget elementor-widget-icon-box\" data-id=\"35e7606\" data-element_type=\"widget\" data-e-type=\"widget\" data-widget_type=\"icon-box.default\">\n\t\t\t\t<div class=\"elementor-widget-container\">\n\t\t\t\t\t\t\t<div class=\"elementor-icon-box-wrapper\">\n\n\t\t\t\t\t\t<div class=\"elementor-icon-box-icon\">\n\t\t\t\t<span  class=\"elementor-icon elementor-animation-grow\">\n\t\t\t\t<svg xmlns=\"http:\/\/www.w3.org\/2000\/svg\" xmlns:svg=\"http:\/\/www.w3.org\/2000\/svg\" id=\"svg315\" xml:space=\"preserve\" width=\"682.66669\" height=\"682.66669\" viewBox=\"0 0 682.66669 682.66669\"><defs id=\"defs319\"><clipPath clipPathUnits=\"userSpaceOnUse\" id=\"clipPath329\"><path d=\"M 0,512 H 512 V 0 H 0 Z\" id=\"path327\"><\/path><\/clipPath><\/defs><g id=\"g321\" transform=\"matrix(1.3333333,0,0,-1.3333333,0,682.66667)\"><g id=\"g323\"><g id=\"g325\" clip-path=\"url(#clipPath329)\"><g id=\"g331\" transform=\"translate(201.3604,314.4302)\"><path d=\"m 0,0 c -1.55,1 -3.391,1.57 -5.36,1.57 -5.52,0 -10,-4.48 -10,-10 0,-2.62 1.009,-5.01 2.66,-6.79 1.83,-1.98 4.439,-3.21 7.34,-3.21 5.519,0 10,4.48 10,10 C 4.64,-4.88 2.79,-1.77 0,0\" style=\"fill:#000000;fill-opacity:1;fill-rule:nonzero;stroke:none\" id=\"path333\"><\/path><\/g><g id=\"g335\" transform=\"translate(256,502)\"><path d=\"M 0,0 V -66\" style=\"fill:none;stroke:#000000;stroke-width:20;stroke-linecap:round;stroke-linejoin:round;stroke-miterlimit:4;stroke-dasharray:none;stroke-opacity:1\" id=\"path337\"><\/path><\/g><g id=\"g339\" transform=\"translate(256,76)\"><path d=\"M 0,0 V -66\" style=\"fill:none;stroke:#000000;stroke-width:20;stroke-linecap:round;stroke-linejoin:round;stroke-miterlimit:4;stroke-dasharray:none;stroke-opacity:1\" id=\"path341\"><\/path><\/g><g id=\"g343\" transform=\"translate(66.29,425.71)\"><path d=\"M 0,0 42.43,-42.43\" style=\"fill:none;stroke:#000000;stroke-width:20;stroke-linecap:round;stroke-linejoin:round;stroke-miterlimit:4;stroke-dasharray:none;stroke-opacity:1\" id=\"path345\"><\/path><\/g><g id=\"g347\" transform=\"translate(403.2803,118.7202)\"><path d=\"M 0,0 42.43,-42.43\" style=\"fill:none;stroke:#000000;stroke-width:20;stroke-linecap:round;stroke-linejoin:round;stroke-miterlimit:4;stroke-dasharray:none;stroke-opacity:1\" id=\"path349\"><\/path><\/g><g id=\"g351\" transform=\"translate(445.71,425.71)\"><path d=\"M 0,0 -42.43,-42.43\" style=\"fill:none;stroke:#000000;stroke-width:20;stroke-linecap:round;stroke-linejoin:round;stroke-miterlimit:4;stroke-dasharray:none;stroke-opacity:1\" id=\"path353\"><\/path><\/g><g id=\"g355\" transform=\"translate(108.7197,118.7202)\"><path d=\"M 0,0 -42.43,-42.43\" style=\"fill:none;stroke:#000000;stroke-width:20;stroke-linecap:round;stroke-linejoin:round;stroke-miterlimit:4;stroke-dasharray:none;stroke-opacity:1\" id=\"path357\"><\/path><\/g><g id=\"g359\" transform=\"translate(476,256)\"><path d=\"m 0,0 c 0,0 -87.45,-130 -220,-130 -132.55,0 -220,130 -220,130 0,0 87.45,130 220,130 C -87.45,130 0,0 0,0 Z\" style=\"fill:none;stroke:#000000;stroke-width:20;stroke-linecap:round;stroke-linejoin:round;stroke-miterlimit:4;stroke-dasharray:none;stroke-opacity:1\" id=\"path361\"><\/path><\/g><g id=\"g363\" transform=\"translate(227.4102,330.7402)\"><path d=\"M 0,0 C 0.359,0.14 0.72,0.27 1.08,0.4 1.479,0.55 1.88,0.69 2.28,0.83 2.64,0.96 3,1.08 3.37,1.2 3.84,1.36 4.33,1.52 4.81,1.67 5.43,1.86 6.05,2.05 6.68,2.22 7.29,2.4 7.91,2.57 8.54,2.73 9.2,2.9 9.859,3.06 10.52,3.21 c 0.62,0.14 1.23,0.28 1.85,0.4 0.5,0.11 1,0.21 1.51,0.3 0.44,0.08 0.88,0.16 1.32,0.23 0.239,0.05 0.489,0.09 0.739,0.12 0.451,0.08 0.901,0.14 1.351,0.2 0.12,0.02 0.23,0.04 0.35,0.05 0.38,0.06 0.77,0.11 1.16,0.16 0.42,0.05 0.84,0.1 1.26,0.14 l 0.6,0.06 c 0.43,0.05 0.87,0.09 1.3,0.12 0.229,0.02 0.46,0.04 0.689,0.05 0.29,0.03 0.591,0.05 0.881,0.06 0.43,0.03 0.869,0.05 1.3,0.07 0.56,0.03 1.12,0.05 1.69,0.06 0.68,0.02 1.379,0.03 2.07,0.03 44.18,0 80,-35.82 80,-80 0,-13.81 -3.5,-26.8 -9.66,-38.13 -0.61,-1.12 -1.241,-2.23 -1.9,-3.31 -0.341,-0.57 -0.69,-1.12 -1.051,-1.68 -0.639,-1 -1.299,-1.98 -1.979,-2.95 -0.07,-0.1 -0.141,-0.19 -0.21,-0.29 -1.46,-2.06 -3.02,-4.05 -4.681,-5.95 -1.25,-1.45 -2.559,-2.86 -3.92,-4.22 -1.229,-1.23 -2.5,-2.43 -3.809,-3.57 -5.49,-4.83 -11.64,-8.92 -18.31,-12.1 -1.1,-0.53 -2.211,-1.03 -3.341,-1.51 -2.389,-1.01 -4.849,-1.91 -7.349,-2.69 -2.51,-0.78 -5.06,-1.44 -7.67,-1.97 -5.21,-1.07 -10.601,-1.63 -16.12,-1.63 -44.18,0 -80,35.82 -80,80 0,0.69 0.01,1.38 0.03,2.06 0.01,0.56 0.029,1.11 0.06,1.67 0.02,0.52 0.049,1.04 0.08,1.55 0.01,0.15 0.02,0.3 0.03,0.45 0.04,0.48 0.069,0.96 0.12,1.44 0.01,0.12 0.02,0.23 0.029,0.35 0.051,0.57 0.111,1.14 0.181,1.7 v 0.02 c 0.069,0.6 0.14,1.2 0.23,1.8 0.06,0.45 0.12,0.9 0.2,1.35 0.08,0.6 0.179,1.18 0.29,1.77 0.019,0.16 0.05,0.31 0.08,0.47\" style=\"fill:none;stroke:#000000;stroke-width:20;stroke-linecap:round;stroke-linejoin:round;stroke-miterlimit:4;stroke-dasharray:none;stroke-opacity:1\" id=\"path365\"><\/path><\/g><g id=\"g367\" transform=\"translate(256,226)\"><path d=\"M 0,0 C -16.54,0 -30,13.46 -30,30 -30,46.54 -16.54,60 0,60 16.54,60 30,46.54 30,30 30,13.46 16.54,0 0,0 Z\" style=\"fill:none;stroke:#000000;stroke-width:20;stroke-linecap:round;stroke-linejoin:round;stroke-miterlimit:4;stroke-dasharray:none;stroke-opacity:1\" id=\"path369\"><\/path><\/g><\/g><\/g><\/g><\/svg>\t\t\t\t<\/span>\n\t\t\t<\/div>\n\t\t\t\n\t\t\t\t\t\t<div class=\"elementor-icon-box-content\">\n\n\t\t\t\t\t\t\t\t\t<h5 class=\"elementor-icon-box-title\">\n\t\t\t\t\t\t<span  >\n\t\t\t\t\t\t\tVisi\u00f3n\t\t\t\t\t\t<\/span>\n\t\t\t\t\t<\/h5>\n\t\t\t\t\n\t\t\t\t\t\t\t\t\t<p class=\"elementor-icon-box-description\">\n\t\t\t\t\t\tSer l\u00edderes en el cuidado integral de tu belleza, con tecnolog\u00eda de vanguardia basada en resultados, y un equipo altamente capacitado y comprometido con la excelencia.\t\t\t\t\t<\/p>\n\t\t\t\t\n\t\t\t<\/div>\n\t\t\t\n\t\t<\/div>\n\t\t\t\t\t\t<\/div>\n\t\t\t\t<\/div>\n\t\t\t\t\t<\/div>\n\t\t<\/div>\n\t\t\t\t<div class=\"elementor-column elementor-col-33 elementor-inner-column elementor-element elementor-element-8be3768\" data-id=\"8be3768\" data-element_type=\"column\" data-e-type=\"column\">\n\t\t\t<div class=\"elementor-widget-wrap elementor-element-populated\">\n\t\t\t\t\t\t<div class=\"elementor-element elementor-element-1128ed5 elementor-view-default elementor-position-block-start elementor-mobile-position-block-start elementor-widget elementor-widget-icon-box\" data-id=\"1128ed5\" data-element_type=\"widget\" data-e-type=\"widget\" data-widget_type=\"icon-box.default\">\n\t\t\t\t<div class=\"elementor-widget-container\">\n\t\t\t\t\t\t\t<div class=\"elementor-icon-box-wrapper\">\n\n\t\t\t\t\t\t<div class=\"elementor-icon-box-icon\">\n\t\t\t\t<span  class=\"elementor-icon elementor-animation-grow\">\n\t\t\t\t<svg xmlns=\"http:\/\/www.w3.org\/2000\/svg\" xmlns:xlink=\"http:\/\/www.w3.org\/1999\/xlink\" id=\"Capa_1\" x=\"0px\" y=\"0px\" viewBox=\"0 0 512.007 512.007\" style=\"enable-background:new 0 0 512.007 512.007;\" xml:space=\"preserve\"><g>\t<g>\t\t<path d=\"M510.025,139.609l-85.333-102.4c-1.621-1.937-4.019-3.063-6.554-3.063H93.871c-2.534,0-4.932,1.118-6.554,3.063   l-85.333,102.4c-2.125,2.543-2.586,6.084-1.178,9.079c1.408,2.995,4.42,4.915,7.731,4.915h494.933c3.311,0,6.323-1.92,7.731-4.915   C512.602,145.702,512.15,142.16,510.025,139.609z M26.757,136.537l71.108-85.333h316.271l71.108,85.333H26.757z\"><\/path>\t<\/g><\/g><g>\t<g>\t\t<path d=\"M263.898,39.402c-1.323-3.191-4.437-5.265-7.885-5.265H93.88c-3.055,0-5.871,1.63-7.398,4.284s-1.519,5.905,0.026,8.55   l59.733,102.4c1.331,2.278,3.644,3.823,6.272,4.164c0.367,0.043,0.734,0.068,1.092,0.068c2.253,0,4.429-0.887,6.042-2.5   l102.4-102.4C264.487,46.263,265.221,42.593,263.898,39.402z M155.397,131.212l-46.669-80.008h126.677L155.397,131.212z\"><\/path>\t<\/g><\/g><g>\t<g>\t\t<path d=\"M511.109,141.281c-1.434-2.91-4.403-4.753-7.646-4.753H8.53c-3.243,0-6.204,1.843-7.646,4.753   c-1.434,2.91-1.101,6.383,0.87,8.96l247.467,324.267c1.613,2.116,4.122,3.362,6.784,3.362s5.171-1.246,6.767-3.362   l247.467-324.267C512.21,147.664,512.542,144.191,511.109,141.281z M256.005,455.274L25.784,153.604h460.442L256.005,455.274z\"><\/path>\t<\/g><\/g><g>\t<g>\t\t<path d=\"M264.146,466.76l-102.4-324.267c-1.126-3.55-4.412-5.965-8.141-5.965H8.538c-3.243,0-6.204,1.843-7.646,4.753   c-1.434,2.91-1.101,6.383,0.87,8.96l247.467,324.267c1.655,2.176,4.19,3.362,6.784,3.362c1.331,0,2.679-0.307,3.925-0.973   C263.617,474.995,265.391,470.711,264.146,466.76z M25.784,153.604H147.35l85.811,271.736L25.784,153.604z\"><\/path>\t<\/g><\/g><g>\t<g>\t\t<path d=\"M425.537,38.421c-1.519-2.654-4.343-4.284-7.398-4.284H256.005c-3.447,0-6.562,2.074-7.885,5.265   c-1.323,3.191-0.589,6.861,1.852,9.301l102.4,102.4c1.604,1.613,3.78,2.5,6.033,2.5c0.367,0,0.734-0.026,1.101-0.068   c2.62-0.341,4.941-1.877,6.272-4.164l59.733-102.4C427.047,44.326,427.056,41.075,425.537,38.421z M356.613,131.212   l-80.009-80.008h126.677L356.613,131.212z\"><\/path>\t<\/g><\/g><g>\t<g>\t\t<path d=\"M511.126,141.299c-1.434-2.91-4.403-4.753-7.646-4.753H358.413c-3.729,0-7.023,2.415-8.141,5.965l-102.4,324.267   c-1.246,3.942,0.529,8.226,4.207,10.138c1.246,0.648,2.594,0.956,3.925,0.956c2.586,0,5.12-1.186,6.784-3.345l247.467-324.267   C512.227,147.681,512.559,144.208,511.126,141.299z M278.849,425.339l85.811-271.736h121.566L278.849,425.339z\"><\/path>\t<\/g><\/g><g><\/g><g><\/g><g><\/g><g><\/g><g><\/g><g><\/g><g><\/g><g><\/g><g><\/g><g><\/g><g><\/g><g><\/g><g><\/g><g><\/g><g><\/g><\/svg>\t\t\t\t<\/span>\n\t\t\t<\/div>\n\t\t\t\n\t\t\t\t\t\t<div class=\"elementor-icon-box-content\">\n\n\t\t\t\t\t\t\t\t\t<h5 class=\"elementor-icon-box-title\">\n\t\t\t\t\t\t<span  >\n\t\t\t\t\t\t\tValores\t\t\t\t\t\t<\/span>\n\t\t\t\t\t<\/h5>\n\t\t\t\t\n\t\t\t\t\t\t\t\t\t<p class=\"elementor-icon-box-description\">\n\t\t\t\t\t\tGratitud<br>\nRespeto<br>\nHonestidad<br>\nResponsabilidad<br>\nTrabajo en Equipo\t\t\t\t\t<\/p>\n\t\t\t\t\n\t\t\t<\/div>\n\t\t\t\n\t\t<\/div>\n\t\t\t\t\t\t<\/div>\n\t\t\t\t<\/div>\n\t\t\t\t\t<\/div>\n\t\t<\/div>\n\t\t\t\t\t<\/div>\n\t\t<\/section>\n\t\t\t\t\t<\/div>\n\t\t<\/div>\n\t\t\t\t\t<\/div>\n\t\t<\/section>\n\t\t\t\t<\/div>\n\t\t","protected":false},"excerpt":{"rendered":"<p>Fundadora Irma Trujillo Cruz De ni\u00f1a, me preguntaba \u201c\u00bfQu\u00e9 se estudia para ayudar a una persona a verse m\u00e1s bonita?\u201d y un d\u00eda vi como una t\u00eda, cosmet\u00f3loga, maquillaba a mi hermana mayor para sus 15 a\u00f1os y ah\u00ed estaba: mi primera respuesta. Muchos a\u00f1os despu\u00e9s, en el punto de decidir mi carrera, tom\u00e9 este [&hellip;]<\/p>\n","protected":false},"author":1,"featured_media":0,"parent":0,"menu_order":0,"comment_status":"closed","ping_status":"closed","template":"elementor_header_footer","meta":{"footnotes":""},"class_list":["post-332","page","type-page","status-publish","hentry"],"_links":{"self":[{"href":"https:\/\/trumicosmetics.com\/neo\/wp-json\/wp\/v2\/pages\/332","targetHints":{"allow":["GET"]}}],"collection":[{"href":"https:\/\/trumicosmetics.com\/neo\/wp-json\/wp\/v2\/pages"}],"about":[{"href":"https:\/\/trumicosmetics.com\/neo\/wp-json\/wp\/v2\/types\/page"}],"author":[{"embeddable":true,"href":"https:\/\/trumicosmetics.com\/neo\/wp-json\/wp\/v2\/users\/1"}],"replies":[{"embeddable":true,"href":"https:\/\/trumicosmetics.com\/neo\/wp-json\/wp\/v2\/comments?post=332"}],"version-history":[{"count":37,"href":"https:\/\/trumicosmetics.com\/neo\/wp-json\/wp\/v2\/pages\/332\/revisions"}],"predecessor-version":[{"id":2028,"href":"https:\/\/trumicosmetics.com\/neo\/wp-json\/wp\/v2\/pages\/332\/revisions\/2028"}],"wp:attachment":[{"href":"https:\/\/trumicosmetics.com\/neo\/wp-json\/wp\/v2\/media?parent=332"}],"curies":[{"name":"wp","href":"https:\/\/api.w.org\/{rel}","templated":true}]}}