{"id":1353,"date":"2024-08-19T20:45:17","date_gmt":"2024-08-19T20:45:17","guid":{"rendered":"https:\/\/trumicosmetics.com\/neo\/?page_id=1353"},"modified":"2024-08-19T22:12:41","modified_gmt":"2024-08-19T22:12:41","slug":"aviso-de-privacidad","status":"publish","type":"page","link":"https:\/\/trumicosmetics.com\/neo\/aviso-de-privacidad\/","title":{"rendered":"Aviso de privacidad"},"content":{"rendered":"\t\t<div data-elementor-type=\"wp-page\" data-elementor-id=\"1353\" class=\"elementor elementor-1353\" data-elementor-post-type=\"page\">\n\t\t\t\t\t\t<section class=\"elementor-section elementor-top-section elementor-element elementor-element-7b3fb93 elementor-section-full_width elementor-section-height-default elementor-section-height-default\" data-id=\"7b3fb93\" data-element_type=\"section\" data-e-type=\"section\" data-settings=\"{&quot;background_background&quot;:&quot;classic&quot;}\">\n\t\t\t\t\t\t\t<div class=\"elementor-background-overlay\"><\/div>\n\t\t\t\t\t\t\t<div class=\"elementor-container elementor-column-gap-no\">\n\t\t\t\t\t<div class=\"elementor-column elementor-col-100 elementor-top-column elementor-element elementor-element-ff70ebd\" data-id=\"ff70ebd\" data-element_type=\"column\" data-e-type=\"column\" data-settings=\"{&quot;background_background&quot;:&quot;classic&quot;}\">\n\t\t\t<div class=\"elementor-widget-wrap elementor-element-populated\">\n\t\t\t\t\t\t\t<\/div>\n\t\t<\/div>\n\t\t\t\t\t<\/div>\n\t\t<\/section>\n\t\t\t\t<section class=\"elementor-section elementor-top-section elementor-element elementor-element-358b041 elementor-section-full_width elementor-section-height-default elementor-section-height-default\" data-id=\"358b041\" data-element_type=\"section\" data-e-type=\"section\" data-settings=\"{&quot;background_background&quot;:&quot;classic&quot;}\">\n\t\t\t\t\t\t<div class=\"elementor-container elementor-column-gap-default\">\n\t\t\t\t\t<div class=\"elementor-column elementor-col-100 elementor-top-column elementor-element elementor-element-ca2d10e\" data-id=\"ca2d10e\" data-element_type=\"column\" data-e-type=\"column\" data-settings=\"{&quot;background_background&quot;:&quot;classic&quot;}\">\n\t\t\t<div class=\"elementor-widget-wrap elementor-element-populated\">\n\t\t\t\t\t\t<div class=\"elementor-element elementor-element-6919357 elementor-widget elementor-widget-text-editor\" data-id=\"6919357\" data-element_type=\"widget\" data-e-type=\"widget\" data-widget_type=\"text-editor.default\">\n\t\t\t\t<div class=\"elementor-widget-container\">\n\t\t\t\t\t\t\t\t\t<p><strong>IRMA TRUJILLO CRUZ<\/strong>\u00a0(nombre comercial:\u00a0<strong>TRUMI COSMETICS<\/strong>) con domicilio en Av. 5 De Febrero 2125 Local 33, Plaza Norte, Jurica, Quer\u00e9taro, Quer\u00e9taro, C. P. 76100, es el responsable del uso y protecci\u00f3n de sus datos personales, y al respecto le informamos lo siguiente:<\/p><p><strong>Departamento de Privacidad<\/strong><\/p><p>Para atender cualquier solicitud acerca del ejercicio de sus derechos ARCO, para la revocaci\u00f3n del consentimiento que nos haya otorgado del tratamiento de sus datos personales, para limitar el uso o divulgaci\u00f3n de sus datos, o acerca de las finalidades para el tratamiento de sus datos personales, ponemos a su disposici\u00f3n nuestro Departamento de Privacidad en los siguientes medios de contacto:<\/p><p>Departamento de Privacidad<br \/>Correo electr\u00f3nico:\u00a0contacto@trumicosmetics.com.mx<br \/>Tel\u00e9fono: 4422187141<\/p><p>Para poder comunicarnos con usted, necesitamos los siguientes datos personales y de contacto en su solicitud:<\/p><ul><li>Nombre del titular<\/li><li>Carta de autorizaci\u00f3n en caso de que la solicitud la haga otra persona que no sea el titular<\/li><li>Copia de identificaci\u00f3n del titular<\/li><li>Correo electr\u00f3nico<\/li><li>Tel\u00e9fono<\/li><\/ul><p>Despu\u00e9s de recibir su solicitud, recibir\u00e1 nuestra respuesta en un plazo m\u00e1ximo de veinte d\u00edas h\u00e1biles por los medios de contacto que nos proporcione.<\/p><p><strong>\u00bfPara qu\u00e9 fines utilizaremos sus datos personales?<\/strong><\/p><p>Los datos personales que recabamos de usted, los utilizaremos para las siguientes finalidades que son necesarias para el servicio que solicita:<\/p><ul><li>Para fines de contacto<\/li><li>Para facturaci\u00f3n y cobro<\/li><li>Para elaborar un expediente cl\u00ednico<\/li><\/ul><p>De manera adicional, utilizaremos su informaci\u00f3n personal para las siguientes finalidades secundarias que no son necesarias para el servicio solicitado, pero que nos permiten y facilitan brindarle mejor atenci\u00f3n:<\/p><ul><li>Para env\u00edo de publicidad<\/li><\/ul><p>En caso de que no desee que sus datos personales sean tratados para estos fines adicionales, lo podr\u00e1 indicar en el medio a trav\u00e9s del cual nos proporcione sus datos personales, seleccionando la opci\u00f3n correspondiente.<\/p><p>La negativa para el uso de sus datos personales para estas finalidades adicionales no podr\u00e1 ser un motivo para que le neguemos los servicios y productos que solicita o contrata con nosotros.<\/p><p><strong>\u00bfQu\u00e9 datos personales utilizaremos para estos fines?<\/strong><\/p><p>Para llevar a cabo las finalidades descritas en el presente Aviso de Privacidad, utilizaremos los siguientes datos personales:<\/p><ul><li>Datos de contacto<\/li><li>Datos de identificaci\u00f3n<\/li><li>Datos de facturaci\u00f3n<\/li><li>Rasgos f\u00edsicos y se\u00f1as particulares<\/li><\/ul><p>Adem\u00e1s de los datos personales mencionados anteriormente, para las finalidades informadas en el presente Aviso de Privacidad utilizaremos los siguientes datos personales considerados como sensibles, que requieren de especial protecci\u00f3n:<\/p><ul><li>Datos de salud<\/li><\/ul><p><strong>\u00bfC\u00f3mo puede Acceder, Rectificar o Cancelar sus datos personales, u Oponerse a su uso?<\/strong><\/p><p>Usted tiene derecho a conocer qu\u00e9 datos personales tenemos de usted, para qu\u00e9 los utilizamos y las condiciones del uso que les damos (Acceso). Asimismo, es su derecho solicitar la correcci\u00f3n de su informaci\u00f3n personal en caso de que est\u00e9 desactualizada, sea inexacta o incompleta (Rectificaci\u00f3n); que la eliminemos de nuestros registros o bases de datos cuando considere que la misma no est\u00e1 siendo utilizada conforme a los principios, deberes y obligaciones previstas en la normativa (Cancelaci\u00f3n); as\u00ed como oponerse al uso de sus datos personales para fines espec\u00edficos (Oposici\u00f3n). Estos derechos se conocen como derechos ARCO.<\/p><p>Si usted desea ejercer sus derechos ARCO, lo podr\u00e1 hacer contact\u00e1ndose con nuestro Departamento de Privacidad en los medios establecidos en el presente aviso.<\/p><p><strong>\u00bfC\u00f3mo puede revocar su consentimiento para el uso de sus datos personales?<\/strong><\/p><p>Usted puede revocar el consentimiento que, en su caso, nos haya otorgado para el tratamiento de sus datos personales. Sin embargo, es importante que tenga en cuenta que no en todos los casos podremos atender su solicitud o concluir el uso de forma inmediata, ya que es posible que por alguna obligaci\u00f3n legal requiramos seguir tratando sus datos personales. Asimismo, usted deber\u00e1 considerar qu\u00e9 para ciertos fines, la revocaci\u00f3n de su consentimiento implicar\u00e1 que no le podamos seguir prestando el servicio que nos solicit\u00f3, o la conclusi\u00f3n de su relaci\u00f3n con nosotros.<\/p><p>Para conocer el procedimiento y requisitos para la revocaci\u00f3n de su consentimiento, usted podr\u00e1 ponerse en contacto con nuestro Departamento de Privacidad a trav\u00e9s de los medios especificados en el presente aviso.<\/p><p><strong>\u00bfC\u00f3mo puede limitar el uso o divulgaci\u00f3n de su informaci\u00f3n personal?<\/strong><\/p><p>Si usted desea limitar el uso o divulgaci\u00f3n de su informaci\u00f3n personal podr\u00e1 solicitarlo a nuestro Departamento de Privacidad a trav\u00e9s de los medios especificados en el presente aviso.<\/p><p>Adicionalmente, podemos poner a su disposici\u00f3n procedimientos y mecanismos espec\u00edficos mediante los cuales puede limitar el uso de su informaci\u00f3n personal. Estos procedimientos y mecanismos espec\u00edficos se informar\u00e1n a trav\u00e9s de los medios que utilicemos para comunicarnos con usted u otros que consideremos adecuados.<\/p><p><strong>\u00bfC\u00f3mo puede conocer los cambios a este Aviso de Privacidad?<\/strong><\/p><p>El presente Aviso de Privacidad puede sufrir modificaciones, cambios o actualizaciones derivadas de nuevos requerimientos legales; de nuestras propias necesidades por los productos o servicios que ofrecemos; de nuestras pr\u00e1cticas de privacidad; de cambios en nuestro modelo de negocio, o por otras causas.<\/p><p>Los cambios al Aviso de Privacidad se informar\u00e1n a trav\u00e9s de nuestro sitio web en la siguiente direcci\u00f3n: www.trumicosmetics.com.mx<\/p>\t\t\t\t\t\t\t\t<\/div>\n\t\t\t\t<\/div>\n\t\t\t\t\t<\/div>\n\t\t<\/div>\n\t\t\t\t\t<\/div>\n\t\t<\/section>\n\t\t\t\t<\/div>\n\t\t","protected":false},"excerpt":{"rendered":"<p>IRMA TRUJILLO CRUZ\u00a0(nombre comercial:\u00a0TRUMI COSMETICS) con domicilio en Av. 5 De Febrero 2125 Local 33, Plaza Norte, Jurica, Quer\u00e9taro, Quer\u00e9taro, C. P. 76100, es el responsable del uso y protecci\u00f3n de sus datos personales, y al respecto le informamos lo siguiente: Departamento de Privacidad Para atender cualquier solicitud acerca del ejercicio de sus derechos ARCO, [&hellip;]<\/p>\n","protected":false},"author":1,"featured_media":0,"parent":0,"menu_order":0,"comment_status":"closed","ping_status":"closed","template":"","meta":{"footnotes":""},"class_list":["post-1353","page","type-page","status-publish","hentry"],"_links":{"self":[{"href":"https:\/\/trumicosmetics.com\/neo\/wp-json\/wp\/v2\/pages\/1353","targetHints":{"allow":["GET"]}}],"collection":[{"href":"https:\/\/trumicosmetics.com\/neo\/wp-json\/wp\/v2\/pages"}],"about":[{"href":"https:\/\/trumicosmetics.com\/neo\/wp-json\/wp\/v2\/types\/page"}],"author":[{"embeddable":true,"href":"https:\/\/trumicosmetics.com\/neo\/wp-json\/wp\/v2\/users\/1"}],"replies":[{"embeddable":true,"href":"https:\/\/trumicosmetics.com\/neo\/wp-json\/wp\/v2\/comments?post=1353"}],"version-history":[{"count":7,"href":"https:\/\/trumicosmetics.com\/neo\/wp-json\/wp\/v2\/pages\/1353\/revisions"}],"predecessor-version":[{"id":1438,"href":"https:\/\/trumicosmetics.com\/neo\/wp-json\/wp\/v2\/pages\/1353\/revisions\/1438"}],"wp:attachment":[{"href":"https:\/\/trumicosmetics.com\/neo\/wp-json\/wp\/v2\/media?parent=1353"}],"curies":[{"name":"wp","href":"https:\/\/api.w.org\/{rel}","templated":true}]}}